{"id":9297,"date":"2018-12-22T18:52:25","date_gmt":"2018-12-22T10:52:25","guid":{"rendered":"https:\/\/www.chfoods.com.tw\/?post_type=product&#038;p=9297"},"modified":"2023-05-03T17:22:28","modified_gmt":"2023-05-03T09:22:28","slug":"%e4%b8%ad%e7%a5%a5-%e8%94%ac%e8%8f%9c%e9%a4%85%e4%b9%be","status":"publish","type":"product","link":"https:\/\/www.chfoods.com.tw\/vn\/product\/%e4%b8%ad%e7%a5%a5-%e8%94%ac%e8%8f%9c%e9%a4%85%e4%b9%be\/","title":{"rendered":"Chung Hsiang B\u00e1nh Quy L\u1ea1t H\u00e0nh L\u00e1"},"content":{"rendered":"<p>[vc_row][vc_column][vc_single_image image=&#8221;11530&#8243; img_size=&#8221;full&#8221; alignment=&#8221;center&#8221;][\/vc_column][\/vc_row]<\/p>","protected":false},"excerpt":{"rendered":"<p>C\u00f4ng ngh\u1ec7 l\u00e0m b\u00e1nh \u0111\u1ed9c quy\u1ec1n c\u1ee7a b\u1eadc th\u1ea7y l\u00e0m b\u00e1nh, h\u01b0\u01a1ng th\u01a1m b\u00e1nh kh\u00f3 qu\u00ean v\u00e0 h\u01b0\u01a1ng v\u1ecb c\u1ed5 \u0111i\u1ec3n quen thu\u1ed9c th\u1eadm ch\u00ed c\u00f2n \u0111\u00e1ng nh\u1edb h\u01a1n cho c\u00e1c th\u1ebf h\u1ec7 kh\u00e1c nhau!<\/p>\n[otw_shortcode_button href=\"https:\/\/shop.chfoods.com.tw\/product\/%e8%94%ac%e8%8f%9c%e8%98%87%e6%89%93%e9%a4%85%e4%b9%be\/\" size=\"large\" bgcolor=\"#ed212c\" icon_type=\"general foundicon-cart\" icon_position=\"left\" shape=\"round\" color_class=\"otw-red\" css_class=\"woobutton\" target=\"_blank\"]Mua Ngay[\/otw_shortcode_button]\n","protected":false},"featured_media":10614,"template":"","meta":[],"class_list":["post-9297","product","type-product","status-publish","has-post-thumbnail","hentry","product_cat-chfoods","product_tag-218"],"yoast_head":"<!-- This site is optimized with the Yoast SEO plugin v22.6 - https:\/\/yoast.com\/wordpress\/plugins\/seo\/ -->\n<title>Chung Hsiang B\u00e1nh Quy L\u1ea1t H\u00e0nh L\u00e1 | Chung Hsiang Foods.<\/title>\n<meta name=\"description\" content=\"\u6700\u4f73\u7684\u852c\u83dc\u9905\u4e7e\u63a8\u85a6\uff0c\u9078\u7528\u65b0\u9bae\u9752\u8525\u5165\u5473\uff0c\u5b8c\u5168\u4e0d\u52a0\u4eba\u5de5\u8272\u7d20\uff0c\u7d14\u7cb9\u81ea\u7136\u98a8\u683c\uff0c\u5c08\u5bb6\u7cbe\u5fc3\u70d8\u7119\uff0c\u8f15\u8106\u9165\u723d\u7684\u53e3\u611f\uff0c\u6fc3\u6fc3\u7684\u9752\u8525\u9999\u5473\uff0c\u597d\u5403\u7684\u8607\u6253\u9905\u4e7e\u4ee4\u4eba\u4e0d\u77e5\u4e0d\u89ba\u4e00\u53e3\u63a5\u4e00\u53e3\u3002\" \/>\n<meta name=\"robots\" content=\"index, follow, max-snippet:-1, max-image-preview:large, max-video-preview:-1\" \/>\n<link rel=\"canonical\" href=\"https:\/\/www.chfoods.com.tw\/product\/\u4e2d\u7965-\u852c\u83dc\u9905\u4e7e\/\" \/>\n<meta property=\"og:locale\" content=\"en_US\" \/>\n<meta property=\"og:type\" content=\"article\" \/>\n<meta property=\"og:title\" content=\"Chung Hsiang B\u00e1nh Quy L\u1ea1t H\u00e0nh L\u00e1 | Chung Hsiang Foods.\" \/>\n<meta property=\"og:description\" content=\"\u6700\u4f73\u7684\u852c\u83dc\u9905\u4e7e\u63a8\u85a6\uff0c\u9078\u7528\u65b0\u9bae\u9752\u8525\u5165\u5473\uff0c\u5b8c\u5168\u4e0d\u52a0\u4eba\u5de5\u8272\u7d20\uff0c\u7d14\u7cb9\u81ea\u7136\u98a8\u683c\uff0c\u5c08\u5bb6\u7cbe\u5fc3\u70d8\u7119\uff0c\u8f15\u8106\u9165\u723d\u7684\u53e3\u611f\uff0c\u6fc3\u6fc3\u7684\u9752\u8525\u9999\u5473\uff0c\u597d\u5403\u7684\u8607\u6253\u9905\u4e7e\u4ee4\u4eba\u4e0d\u77e5\u4e0d\u89ba\u4e00\u53e3\u63a5\u4e00\u53e3\u3002\" \/>\n<meta property=\"og:url\" content=\"https:\/\/www.chfoods.com.tw\/product\/\u4e2d\u7965-\u852c\u83dc\u9905\u4e7e\/\" \/>\n<meta property=\"og:site_name\" content=\"Chung Hsiang Foods.\" \/>\n<meta property=\"article:modified_time\" content=\"2023-05-03T09:22:28+00:00\" \/>\n<meta property=\"og:image\" content=\"https:\/\/www.chfoods.com.tw\/wp-content\/uploads\/2018\/12\/MG_8119-\u852c\u83dc-\u900f\u660e.jpg\" \/>\n\t<meta property=\"og:image:width\" content=\"500\" \/>\n\t<meta property=\"og:image:height\" content=\"500\" \/>\n\t<meta property=\"og:image:type\" content=\"image\/jpeg\" \/>\n<meta name=\"twitter:card\" content=\"summary_large_image\" \/>\n<meta name=\"twitter:label1\" content=\"Est. reading time\" \/>\n\t<meta name=\"twitter:data1\" content=\"1 minute\" \/>\n<script type=\"application\/ld+json\" class=\"yoast-schema-graph\">{\"@context\":\"https:\/\/schema.org\",\"@graph\":[{\"@type\":\"WebPage\",\"@id\":\"https:\/\/www.chfoods.com.tw\/product\/%e4%b8%ad%e7%a5%a5-%e8%94%ac%e8%8f%9c%e9%a4%85%e4%b9%be\/\",\"url\":\"https:\/\/www.chfoods.com.tw\/product\/%e4%b8%ad%e7%a5%a5-%e8%94%ac%e8%8f%9c%e9%a4%85%e4%b9%be\/\",\"name\":\"Chung Hsiang B\u00e1nh Quy L\u1ea1t H\u00e0nh L\u00e1 | Chung Hsiang Foods.\",\"isPartOf\":{\"@id\":\"https:\/\/www.chfoods.com.tw\/cn\/#website\"},\"primaryImageOfPage\":{\"@id\":\"https:\/\/www.chfoods.com.tw\/product\/%e4%b8%ad%e7%a5%a5-%e8%94%ac%e8%8f%9c%e9%a4%85%e4%b9%be\/#primaryimage\"},\"image\":{\"@id\":\"https:\/\/www.chfoods.com.tw\/product\/%e4%b8%ad%e7%a5%a5-%e8%94%ac%e8%8f%9c%e9%a4%85%e4%b9%be\/#primaryimage\"},\"thumbnailUrl\":\"https:\/\/www.chfoods.com.tw\/wp-content\/uploads\/2018\/12\/MG_8119-\u852c\u83dc-\u900f\u660e.jpg\",\"datePublished\":\"2018-12-22T10:52:25+00:00\",\"dateModified\":\"2023-05-03T09:22:28+00:00\",\"description\":\"\u6700\u4f73\u7684\u852c\u83dc\u9905\u4e7e\u63a8\u85a6\uff0c\u9078\u7528\u65b0\u9bae\u9752\u8525\u5165\u5473\uff0c\u5b8c\u5168\u4e0d\u52a0\u4eba\u5de5\u8272\u7d20\uff0c\u7d14\u7cb9\u81ea\u7136\u98a8\u683c\uff0c\u5c08\u5bb6\u7cbe\u5fc3\u70d8\u7119\uff0c\u8f15\u8106\u9165\u723d\u7684\u53e3\u611f\uff0c\u6fc3\u6fc3\u7684\u9752\u8525\u9999\u5473\uff0c\u597d\u5403\u7684\u8607\u6253\u9905\u4e7e\u4ee4\u4eba\u4e0d\u77e5\u4e0d\u89ba\u4e00\u53e3\u63a5\u4e00\u53e3\u3002\",\"breadcrumb\":{\"@id\":\"https:\/\/www.chfoods.com.tw\/product\/%e4%b8%ad%e7%a5%a5-%e8%94%ac%e8%8f%9c%e9%a4%85%e4%b9%be\/#breadcrumb\"},\"inLanguage\":\"vn\",\"potentialAction\":[{\"@type\":\"ReadAction\",\"target\":[\"https:\/\/www.chfoods.com.tw\/product\/%e4%b8%ad%e7%a5%a5-%e8%94%ac%e8%8f%9c%e9%a4%85%e4%b9%be\/\"]}]},{\"@type\":\"ImageObject\",\"inLanguage\":\"vn\",\"@id\":\"https:\/\/www.chfoods.com.tw\/product\/%e4%b8%ad%e7%a5%a5-%e8%94%ac%e8%8f%9c%e9%a4%85%e4%b9%be\/#primaryimage\",\"url\":\"https:\/\/www.chfoods.com.tw\/wp-content\/uploads\/2018\/12\/MG_8119-\u852c\u83dc-\u900f\u660e.jpg\",\"contentUrl\":\"https:\/\/www.chfoods.com.tw\/wp-content\/uploads\/2018\/12\/MG_8119-\u852c\u83dc-\u900f\u660e.jpg\",\"width\":500,\"height\":500},{\"@type\":\"BreadcrumbList\",\"@id\":\"https:\/\/www.chfoods.com.tw\/product\/%e4%b8%ad%e7%a5%a5-%e8%94%ac%e8%8f%9c%e9%a4%85%e4%b9%be\/#breadcrumb\",\"itemListElement\":[{\"@type\":\"ListItem\",\"position\":1,\"name\":\"\u9996\u9801\",\"item\":\"https:\/\/www.chfoods.com.tw\/\"},{\"@type\":\"ListItem\",\"position\":2,\"name\":\"\u54c1\u724c\u5546\u54c1\",\"item\":\"https:\/\/www.chfoods.com.tw\/shop\/\"},{\"@type\":\"ListItem\",\"position\":3,\"name\":\"\u4e2d\u7965 \u852c\u83dc\u9905\u4e7e\"}]},{\"@type\":\"WebSite\",\"@id\":\"https:\/\/www.chfoods.com.tw\/cn\/#website\",\"url\":\"https:\/\/www.chfoods.com.tw\/cn\/\",\"name\":\"Chung Hsiang Foods.\",\"description\":\"Chung Hsaing Food. ph\u1ea9m \u0111\u00e3 \u0111\u01b0\u1ee3c bi\u1ebft \u0111\u1ebfn v\u1edbi m\u1ed9t lo\u1ea1t b\u00e1nh quy soda t\u1ef1 nhi\u00ean. Sau h\u01a1n 50 n\u0103m, Zhongxiang Food v\u1eabn c\u00f2n t\u1ed3n t\u1ea1i tr\u00ean th\u1ecb tr\u01b0\u1eddng v\u00e0 c\u00e1c s\u1ea3n ph\u1ea9m c\u1ee7a n\u00f3 \u0111\u01b0\u1ee3c lan truy\u1ec1n kh\u1eafp c\u1ea3 n\u01b0\u1edbc v\u00e0 n\u01b0\u1edbc ngo\u00e0i.\",\"publisher\":{\"@id\":\"https:\/\/www.chfoods.com.tw\/cn\/#organization\"},\"potentialAction\":[{\"@type\":\"SearchAction\",\"target\":{\"@type\":\"EntryPoint\",\"urlTemplate\":\"https:\/\/www.chfoods.com.tw\/cn\/?s={search_term_string}\"},\"query-input\":\"required name=search_term_string\"}],\"inLanguage\":\"vn\"},{\"@type\":\"Organization\",\"@id\":\"https:\/\/www.chfoods.com.tw\/cn\/#organization\",\"name\":\"Chung Hsiang Foods.\",\"url\":\"https:\/\/www.chfoods.com.tw\/cn\/\",\"logo\":{\"@type\":\"ImageObject\",\"inLanguage\":\"vn\",\"@id\":\"https:\/\/www.chfoods.com.tw\/cn\/#\/schema\/logo\/image\/\",\"url\":\"https:\/\/www.chfoods.com.tw\/wp-content\/uploads\/2019\/02\/logo_wf_170.png\",\"contentUrl\":\"https:\/\/www.chfoods.com.tw\/wp-content\/uploads\/2019\/02\/logo_wf_170.png\",\"width\":170,\"height\":55,\"caption\":\"Chung Hsiang Foods.\"},\"image\":{\"@id\":\"https:\/\/www.chfoods.com.tw\/cn\/#\/schema\/logo\/image\/\"}}]}<\/script>\n<!-- \/ Yoast SEO plugin. -->","yoast_head_json":{"title":"Chung Hsiang B\u00e1nh Quy L\u1ea1t H\u00e0nh L\u00e1 | Chung Hsiang Foods.","description":"\u6700\u4f73\u7684\u852c\u83dc\u9905\u4e7e\u63a8\u85a6\uff0c\u9078\u7528\u65b0\u9bae\u9752\u8525\u5165\u5473\uff0c\u5b8c\u5168\u4e0d\u52a0\u4eba\u5de5\u8272\u7d20\uff0c\u7d14\u7cb9\u81ea\u7136\u98a8\u683c\uff0c\u5c08\u5bb6\u7cbe\u5fc3\u70d8\u7119\uff0c\u8f15\u8106\u9165\u723d\u7684\u53e3\u611f\uff0c\u6fc3\u6fc3\u7684\u9752\u8525\u9999\u5473\uff0c\u597d\u5403\u7684\u8607\u6253\u9905\u4e7e\u4ee4\u4eba\u4e0d\u77e5\u4e0d\u89ba\u4e00\u53e3\u63a5\u4e00\u53e3\u3002","robots":{"index":"index","follow":"follow","max-snippet":"max-snippet:-1","max-image-preview":"max-image-preview:large","max-video-preview":"max-video-preview:-1"},"canonical":"https:\/\/www.chfoods.com.tw\/product\/\u4e2d\u7965-\u852c\u83dc\u9905\u4e7e\/","og_locale":"en_US","og_type":"article","og_title":"Chung Hsiang B\u00e1nh Quy L\u1ea1t H\u00e0nh L\u00e1 | Chung Hsiang Foods.","og_description":"\u6700\u4f73\u7684\u852c\u83dc\u9905\u4e7e\u63a8\u85a6\uff0c\u9078\u7528\u65b0\u9bae\u9752\u8525\u5165\u5473\uff0c\u5b8c\u5168\u4e0d\u52a0\u4eba\u5de5\u8272\u7d20\uff0c\u7d14\u7cb9\u81ea\u7136\u98a8\u683c\uff0c\u5c08\u5bb6\u7cbe\u5fc3\u70d8\u7119\uff0c\u8f15\u8106\u9165\u723d\u7684\u53e3\u611f\uff0c\u6fc3\u6fc3\u7684\u9752\u8525\u9999\u5473\uff0c\u597d\u5403\u7684\u8607\u6253\u9905\u4e7e\u4ee4\u4eba\u4e0d\u77e5\u4e0d\u89ba\u4e00\u53e3\u63a5\u4e00\u53e3\u3002","og_url":"https:\/\/www.chfoods.com.tw\/product\/\u4e2d\u7965-\u852c\u83dc\u9905\u4e7e\/","og_site_name":"Chung Hsiang Foods.","article_modified_time":"2023-05-03T09:22:28+00:00","og_image":[{"width":500,"height":500,"url":"https:\/\/www.chfoods.com.tw\/wp-content\/uploads\/2018\/12\/MG_8119-\u852c\u83dc-\u900f\u660e.jpg","type":"image\/jpeg"}],"twitter_card":"summary_large_image","twitter_misc":{"Est. reading time":"1 minute"},"schema":{"@context":"https:\/\/schema.org","@graph":[{"@type":"WebPage","@id":"https:\/\/www.chfoods.com.tw\/product\/%e4%b8%ad%e7%a5%a5-%e8%94%ac%e8%8f%9c%e9%a4%85%e4%b9%be\/","url":"https:\/\/www.chfoods.com.tw\/product\/%e4%b8%ad%e7%a5%a5-%e8%94%ac%e8%8f%9c%e9%a4%85%e4%b9%be\/","name":"Chung Hsiang B\u00e1nh Quy L\u1ea1t H\u00e0nh L\u00e1 | Chung Hsiang Foods.","isPartOf":{"@id":"https:\/\/www.chfoods.com.tw\/cn\/#website"},"primaryImageOfPage":{"@id":"https:\/\/www.chfoods.com.tw\/product\/%e4%b8%ad%e7%a5%a5-%e8%94%ac%e8%8f%9c%e9%a4%85%e4%b9%be\/#primaryimage"},"image":{"@id":"https:\/\/www.chfoods.com.tw\/product\/%e4%b8%ad%e7%a5%a5-%e8%94%ac%e8%8f%9c%e9%a4%85%e4%b9%be\/#primaryimage"},"thumbnailUrl":"https:\/\/www.chfoods.com.tw\/wp-content\/uploads\/2018\/12\/MG_8119-\u852c\u83dc-\u900f\u660e.jpg","datePublished":"2018-12-22T10:52:25+00:00","dateModified":"2023-05-03T09:22:28+00:00","description":"\u6700\u4f73\u7684\u852c\u83dc\u9905\u4e7e\u63a8\u85a6\uff0c\u9078\u7528\u65b0\u9bae\u9752\u8525\u5165\u5473\uff0c\u5b8c\u5168\u4e0d\u52a0\u4eba\u5de5\u8272\u7d20\uff0c\u7d14\u7cb9\u81ea\u7136\u98a8\u683c\uff0c\u5c08\u5bb6\u7cbe\u5fc3\u70d8\u7119\uff0c\u8f15\u8106\u9165\u723d\u7684\u53e3\u611f\uff0c\u6fc3\u6fc3\u7684\u9752\u8525\u9999\u5473\uff0c\u597d\u5403\u7684\u8607\u6253\u9905\u4e7e\u4ee4\u4eba\u4e0d\u77e5\u4e0d\u89ba\u4e00\u53e3\u63a5\u4e00\u53e3\u3002","breadcrumb":{"@id":"https:\/\/www.chfoods.com.tw\/product\/%e4%b8%ad%e7%a5%a5-%e8%94%ac%e8%8f%9c%e9%a4%85%e4%b9%be\/#breadcrumb"},"inLanguage":"vn","potentialAction":[{"@type":"ReadAction","target":["https:\/\/www.chfoods.com.tw\/product\/%e4%b8%ad%e7%a5%a5-%e8%94%ac%e8%8f%9c%e9%a4%85%e4%b9%be\/"]}]},{"@type":"ImageObject","inLanguage":"vn","@id":"https:\/\/www.chfoods.com.tw\/product\/%e4%b8%ad%e7%a5%a5-%e8%94%ac%e8%8f%9c%e9%a4%85%e4%b9%be\/#primaryimage","url":"https:\/\/www.chfoods.com.tw\/wp-content\/uploads\/2018\/12\/MG_8119-\u852c\u83dc-\u900f\u660e.jpg","contentUrl":"https:\/\/www.chfoods.com.tw\/wp-content\/uploads\/2018\/12\/MG_8119-\u852c\u83dc-\u900f\u660e.jpg","width":500,"height":500},{"@type":"BreadcrumbList","@id":"https:\/\/www.chfoods.com.tw\/product\/%e4%b8%ad%e7%a5%a5-%e8%94%ac%e8%8f%9c%e9%a4%85%e4%b9%be\/#breadcrumb","itemListElement":[{"@type":"ListItem","position":1,"name":"\u9996\u9801","item":"https:\/\/www.chfoods.com.tw\/"},{"@type":"ListItem","position":2,"name":"\u54c1\u724c\u5546\u54c1","item":"https:\/\/www.chfoods.com.tw\/shop\/"},{"@type":"ListItem","position":3,"name":"\u4e2d\u7965 \u852c\u83dc\u9905\u4e7e"}]},{"@type":"WebSite","@id":"https:\/\/www.chfoods.com.tw\/cn\/#website","url":"https:\/\/www.chfoods.com.tw\/cn\/","name":"Chung Hsiang Foods.","description":"Chung Hsaing Food. ph\u1ea9m \u0111\u00e3 \u0111\u01b0\u1ee3c bi\u1ebft \u0111\u1ebfn v\u1edbi m\u1ed9t lo\u1ea1t b\u00e1nh quy soda t\u1ef1 nhi\u00ean. Sau h\u01a1n 50 n\u0103m, Zhongxiang Food v\u1eabn c\u00f2n t\u1ed3n t\u1ea1i tr\u00ean th\u1ecb tr\u01b0\u1eddng v\u00e0 c\u00e1c s\u1ea3n ph\u1ea9m c\u1ee7a n\u00f3 \u0111\u01b0\u1ee3c lan truy\u1ec1n kh\u1eafp c\u1ea3 n\u01b0\u1edbc v\u00e0 n\u01b0\u1edbc ngo\u00e0i.","publisher":{"@id":"https:\/\/www.chfoods.com.tw\/cn\/#organization"},"potentialAction":[{"@type":"SearchAction","target":{"@type":"EntryPoint","urlTemplate":"https:\/\/www.chfoods.com.tw\/cn\/?s={search_term_string}"},"query-input":"required name=search_term_string"}],"inLanguage":"vn"},{"@type":"Organization","@id":"https:\/\/www.chfoods.com.tw\/cn\/#organization","name":"Chung Hsiang Foods.","url":"https:\/\/www.chfoods.com.tw\/cn\/","logo":{"@type":"ImageObject","inLanguage":"vn","@id":"https:\/\/www.chfoods.com.tw\/cn\/#\/schema\/logo\/image\/","url":"https:\/\/www.chfoods.com.tw\/wp-content\/uploads\/2019\/02\/logo_wf_170.png","contentUrl":"https:\/\/www.chfoods.com.tw\/wp-content\/uploads\/2019\/02\/logo_wf_170.png","width":170,"height":55,"caption":"Chung Hsiang Foods."},"image":{"@id":"https:\/\/www.chfoods.com.tw\/cn\/#\/schema\/logo\/image\/"}}]}},"_links":{"self":[{"href":"https:\/\/www.chfoods.com.tw\/vn\/wp-json\/wp\/v2\/product\/9297","targetHints":{"allow":["GET"]}}],"collection":[{"href":"https:\/\/www.chfoods.com.tw\/vn\/wp-json\/wp\/v2\/product"}],"about":[{"href":"https:\/\/www.chfoods.com.tw\/vn\/wp-json\/wp\/v2\/types\/product"}],"wp:featuredmedia":[{"embeddable":true,"href":"https:\/\/www.chfoods.com.tw\/vn\/wp-json\/wp\/v2\/media\/10614"}],"wp:attachment":[{"href":"https:\/\/www.chfoods.com.tw\/vn\/wp-json\/wp\/v2\/media?parent=9297"}],"curies":[{"name":"wp","href":"https:\/\/api.w.org\/{rel}","templated":true}]}}