{"id":8843,"date":"2018-10-02T11:13:35","date_gmt":"2018-10-02T03:13:35","guid":{"rendered":"https:\/\/www.chfoods.com.tw\/?post_type=product&#038;p=8843"},"modified":"2024-11-21T17:41:44","modified_gmt":"2024-11-21T09:41:44","slug":"%e4%b8%ad%e7%a5%a5%e5%a5%b6%e6%b2%b9%e8%b5%b7%e5%a3%ab%e9%85%a5%e9%a4%85","status":"publish","type":"product","link":"https:\/\/www.chfoods.com.tw\/vn\/product\/%e4%b8%ad%e7%a5%a5%e5%a5%b6%e6%b2%b9%e8%b5%b7%e5%a3%ab%e9%85%a5%e9%a4%85\/","title":{"rendered":"Ba\u0301nh Quy B\u01a1 Ph\u00f4 Mai"},"content":{"rendered":"<p>[vc_row][vc_column][vc_single_image image=&#8221;13688&#8243; img_size=&#8221;full&#8221; alignment=&#8221;center&#8221;][\/vc_column][\/vc_row]<\/p>","protected":false},"excerpt":{"rendered":"<p>B\u00e1nh ph\u00f4 mai th\u01a1m v\u00e0 gi\u00f2n g\u00e2y nghi\u1ec7n ngay khi \u0103n! S\u1eed d\u1ee5ng nguy\u00ean li\u1ec7u nh\u1eadp kh\u1ea9u ch\u1ea5t l\u01b0\u1ee3ng cao t\u1eeb Ch\u00e2u \u00c2u v\u00e0 Hoa K\u1ef3 v\u00e0 s\u1eefa b\u1ed9t \u00dac \u0111\u1ec3 l\u00e0m b\u00e1nh quygi\u00f2n v\u00e0 gi\u00f2n, ph\u00f9 h\u1ee3p cho c\u1ea3 gia \u0111\u00ecnh.<\/p>\n[otw_shortcode_button href=\"https:\/\/shop.chfoods.com.tw\/products\/%E4%B8%AD%E7%A5%A5%E9%AE%AE%E5%A5%B6%E6%B2%B9%E8%B5%B7%E5%A3%AB%E9%85%A5%E9%A4%85300g%E8%A2%8B\" size=\"large\" bgcolor=\"#ed212c\" icon_type=\"general foundicon-cart\" icon_position=\"left\" shape=\"round\" color_class=\"otw-red\" css_class=\"woobutton\" target=\"_blank\"]Mua Ngay[\/otw_shortcode_button]\n","protected":false},"featured_media":13682,"template":"","meta":[],"class_list":["post-8843","product","type-product","status-publish","has-post-thumbnail","hentry","product_cat-chfoods"],"yoast_head":"<!-- This site is optimized with the Yoast SEO plugin v22.6 - https:\/\/yoast.com\/wordpress\/plugins\/seo\/ -->\n<title>Ba\u0301nh Quy B\u01a1 Ph\u00f4 Mai | Chung Hsiang Foods.<\/title>\n<meta name=\"description\" content=\"\u5976\u6cb9\u8d77\u58eb\u9165\u9905\u9999\u6fc3\u8584\u8106\u4e00\u5403\u5c31\u4e0a\u766e~\u8607\u6253\u9905\u4e7e\u6210\u5206\u9078\u7528\u6b50\u7f8e\u9ad8\u7d1a\u9032\u53e3\u539f\u6599\u548c\u6fb3\u6d32\u9032\u53e3\u5976\u7c89\uff0c\u88fd\u4f5c\u6210\u9999\u6fc3\u8584\u8106\u5976\u6cb9\u9165\u9905\uff0c\u9069\u5408\u5168\u5bb6\u5927\u5c0f\u4e00\u8d77\u4eab\u7528\u3002\" \/>\n<meta name=\"robots\" content=\"index, follow, max-snippet:-1, max-image-preview:large, max-video-preview:-1\" \/>\n<link rel=\"canonical\" href=\"https:\/\/www.chfoods.com.tw\/product\/\u4e2d\u7965\u5976\u6cb9\u8d77\u58eb\u9165\u9905\/\" \/>\n<meta property=\"og:locale\" content=\"en_US\" \/>\n<meta property=\"og:type\" content=\"article\" \/>\n<meta property=\"og:title\" content=\"Ba\u0301nh Quy B\u01a1 Ph\u00f4 Mai | Chung Hsiang Foods.\" \/>\n<meta property=\"og:description\" content=\"{:zh}\u5976\u6cb9\u8d77\u58eb\u9165\u9905\u9999\u6fc3\u8584\u8106\u4e00\u5403\u5c31\u4e0a\u766e~\u8607\u6253\u9905\u4e7e\u6210\u5206\u9078\u7528\u6b50\u7f8e\u9ad8\u7d1a\u9032\u53e3\u539f\u6599\u548c\u6fb3\u6d32\u9032\u53e3\u5976\u7c89\uff0c\u88fd\u4f5c\u6210\u9999\u6fc3\u8584\u8106\u5976\u6cb9\u9165\u9905\uff0c\u9069\u5408\u5168\u5bb6\u5927\u5c0f\u4e00\u8d77\u4eab\u7528\u3002{:cn}\u5976\u6cb9\u8d77\u58eb\u9165\u997c\u9999\u6d53\u8584\u8106\u4e00\u5403\u5c31\u4e0a\u763e~\u82cf\u6253\u997c\u5e72\u6210\u5206\u9009\u7528\u6b27\u7f8e\u9ad8\u7ea7\u8fdb\u53e3\u539f\u6599\u548c\u6fb3\u6d32\u8fdb\u53e3\u5976\u7c89\uff0c\u5236\u4f5c\u6210\u9999\u6d53\u8584\u8106\u5976\u6cb9\u9165\u997c\uff0c\u9002\u5408\u5168\u5bb6\u5927\u5c0f\u4e00\u8d77\u4eab\u7528\u3002{:en}The most delicious butter cheese biscuits, delicately made with rich and crispy ingredients, are addictive from the first bite. Delight Pastry uses high-quality imported ingredients from Europe and Australia, and the finest imported milk powder to make a rich, crisp cream cheese pastry that is suitable for the entire family to enjoy together.{:kr}\uc911\uc0c1 \ud06c\ub9bc\uce58\uc988 \ube44\uc2a4\ucf13\uc740 \uace0\uc18c\ud558\uace0 \ubc14\uc0ad\ubc14\uc0ad\ud574\uc11c \uba39\uc73c\uba74 \uc790\uafb8 \uba39\uac8c\ub429\ub2c8\ub2e4~ \ube44\uc2a4\ucf13\uc740 \uc720\ub7fd\uacfc \ubbf8\uad6d\uc758 \uace0\uae09 \uc218\uc785\uc6d0\ub8cc\uc640 \ud638\uc8fc\uc0b0 \uc218\uc785\ubd84\uc720\ub97c \uc0ac\uc6a9\ud558\uc5ec \uace0\uc18c\ud558\uace0 \ubc14\uc0ad\ubc14\uc0ad\ud55c \ud06c\ub9bc\uce58\uc988 \ucfe0\ud0a4\ub97c \ub9cc\ub4e4\uc5b4 \uc628 \uac00\uc871\uc774 \ud568\uaed8 \uc990\uae30\uae30\uc5d0 \uc88b\uc2b5\ub2c8\ub2e4.{:jp}\u30d0\u30bf\u30fc\u30c1\u30fc\u30ba\u30d3\u30b9\u30b1\u30c3\u30c8\u306f\u4e00\u5ea6\u98df\u3079\u308b\u3068\u30af\u30bb\u306b\u306a\u308b\u301c\u30aa\u30fc\u30b9\u30c8\u30e9\u30ea\u30a2\u7523\u7c89\u30df\u30eb\u30af\u3068\u30e8\u30ed\u30c3\u30d1\u7523\u539f\u6599\u306b\u3053\u3060\u308f\u308a\u3001\u304a\u5b50\u69d8\u304b\u3089\u304a\u5e74\u5bc4\u308a\u307e\u3067\u7686\u304c\u3053\u306e\u9999\u3070\u3057\u3044\u30d3\u30b9\u30b1\u30c3\u30c8\u3092\u5b89\u5fc3\u3057\u3066\u697d\u3057\u3080\u3053\u3068\u304c\u3067\u304d\u307e\u3059\u3002{:}\" \/>\n<meta property=\"og:url\" content=\"https:\/\/www.chfoods.com.tw\/product\/\u4e2d\u7965\u5976\u6cb9\u8d77\u58eb\u9165\u9905\/\" \/>\n<meta property=\"og:site_name\" content=\"Chung Hsiang Foods.\" \/>\n<meta property=\"article:modified_time\" content=\"2024-11-21T09:41:44+00:00\" \/>\n<meta property=\"og:image\" content=\"https:\/\/www.chfoods.com.tw\/wp-content\/uploads\/2024\/07\/2024-4444.jpg\" \/>\n\t<meta property=\"og:image:width\" content=\"1000\" \/>\n\t<meta property=\"og:image:height\" content=\"1000\" \/>\n\t<meta property=\"og:image:type\" content=\"image\/jpeg\" \/>\n<meta name=\"twitter:card\" content=\"summary_large_image\" \/>\n<meta name=\"twitter:label1\" content=\"Est. reading time\" \/>\n\t<meta name=\"twitter:data1\" content=\"1 minute\" \/>\n<script type=\"application\/ld+json\" class=\"yoast-schema-graph\">{\"@context\":\"https:\/\/schema.org\",\"@graph\":[{\"@type\":\"WebPage\",\"@id\":\"https:\/\/www.chfoods.com.tw\/product\/%e4%b8%ad%e7%a5%a5%e5%a5%b6%e6%b2%b9%e8%b5%b7%e5%a3%ab%e9%85%a5%e9%a4%85\/\",\"url\":\"https:\/\/www.chfoods.com.tw\/product\/%e4%b8%ad%e7%a5%a5%e5%a5%b6%e6%b2%b9%e8%b5%b7%e5%a3%ab%e9%85%a5%e9%a4%85\/\",\"name\":\"Ba\u0301nh Quy B\u01a1 Ph\u00f4 Mai | Chung Hsiang Foods.\",\"isPartOf\":{\"@id\":\"https:\/\/www.chfoods.com.tw\/cn\/#website\"},\"primaryImageOfPage\":{\"@id\":\"https:\/\/www.chfoods.com.tw\/product\/%e4%b8%ad%e7%a5%a5%e5%a5%b6%e6%b2%b9%e8%b5%b7%e5%a3%ab%e9%85%a5%e9%a4%85\/#primaryimage\"},\"image\":{\"@id\":\"https:\/\/www.chfoods.com.tw\/product\/%e4%b8%ad%e7%a5%a5%e5%a5%b6%e6%b2%b9%e8%b5%b7%e5%a3%ab%e9%85%a5%e9%a4%85\/#primaryimage\"},\"thumbnailUrl\":\"https:\/\/www.chfoods.com.tw\/wp-content\/uploads\/2024\/07\/2024-4444.jpg\",\"datePublished\":\"2018-10-02T03:13:35+00:00\",\"dateModified\":\"2024-11-21T09:41:44+00:00\",\"description\":\"{:zh}\u5976\u6cb9\u8d77\u58eb\u9165\u9905\u9999\u6fc3\u8584\u8106\u4e00\u5403\u5c31\u4e0a\u766e~\u8607\u6253\u9905\u4e7e\u6210\u5206\u9078\u7528\u6b50\u7f8e\u9ad8\u7d1a\u9032\u53e3\u539f\u6599\u548c\u6fb3\u6d32\u9032\u53e3\u5976\u7c89\uff0c\u88fd\u4f5c\u6210\u9999\u6fc3\u8584\u8106\u5976\u6cb9\u9165\u9905\uff0c\u9069\u5408\u5168\u5bb6\u5927\u5c0f\u4e00\u8d77\u4eab\u7528\u3002{:cn}\u5976\u6cb9\u8d77\u58eb\u9165\u997c\u9999\u6d53\u8584\u8106\u4e00\u5403\u5c31\u4e0a\u763e~\u82cf\u6253\u997c\u5e72\u6210\u5206\u9009\u7528\u6b27\u7f8e\u9ad8\u7ea7\u8fdb\u53e3\u539f\u6599\u548c\u6fb3\u6d32\u8fdb\u53e3\u5976\u7c89\uff0c\u5236\u4f5c\u6210\u9999\u6d53\u8584\u8106\u5976\u6cb9\u9165\u997c\uff0c\u9002\u5408\u5168\u5bb6\u5927\u5c0f\u4e00\u8d77\u4eab\u7528\u3002{:en}The most delicious butter cheese biscuits, delicately made with rich and crispy ingredients, are addictive from the first bite. Delight Pastry uses high-quality imported ingredients from Europe and Australia, and the finest imported milk powder to make a rich, crisp cream cheese pastry that is suitable for the entire family to enjoy together.{:kr}\uc911\uc0c1 \ud06c\ub9bc\uce58\uc988 \ube44\uc2a4\ucf13\uc740 \uace0\uc18c\ud558\uace0 \ubc14\uc0ad\ubc14\uc0ad\ud574\uc11c \uba39\uc73c\uba74 \uc790\uafb8 \uba39\uac8c\ub429\ub2c8\ub2e4~ \ube44\uc2a4\ucf13\uc740 \uc720\ub7fd\uacfc \ubbf8\uad6d\uc758 \uace0\uae09 \uc218\uc785\uc6d0\ub8cc\uc640 \ud638\uc8fc\uc0b0 \uc218\uc785\ubd84\uc720\ub97c \uc0ac\uc6a9\ud558\uc5ec \uace0\uc18c\ud558\uace0 \ubc14\uc0ad\ubc14\uc0ad\ud55c \ud06c\ub9bc\uce58\uc988 \ucfe0\ud0a4\ub97c \ub9cc\ub4e4\uc5b4 \uc628 \uac00\uc871\uc774 \ud568\uaed8 \uc990\uae30\uae30\uc5d0 \uc88b\uc2b5\ub2c8\ub2e4.{:jp}\u30d0\u30bf\u30fc\u30c1\u30fc\u30ba\u30d3\u30b9\u30b1\u30c3\u30c8\u306f\u4e00\u5ea6\u98df\u3079\u308b\u3068\u30af\u30bb\u306b\u306a\u308b\u301c\u30aa\u30fc\u30b9\u30c8\u30e9\u30ea\u30a2\u7523\u7c89\u30df\u30eb\u30af\u3068\u30e8\u30ed\u30c3\u30d1\u7523\u539f\u6599\u306b\u3053\u3060\u308f\u308a\u3001\u304a\u5b50\u69d8\u304b\u3089\u304a\u5e74\u5bc4\u308a\u307e\u3067\u7686\u304c\u3053\u306e\u9999\u3070\u3057\u3044\u30d3\u30b9\u30b1\u30c3\u30c8\u3092\u5b89\u5fc3\u3057\u3066\u697d\u3057\u3080\u3053\u3068\u304c\u3067\u304d\u307e\u3059\u3002{:}\",\"breadcrumb\":{\"@id\":\"https:\/\/www.chfoods.com.tw\/product\/%e4%b8%ad%e7%a5%a5%e5%a5%b6%e6%b2%b9%e8%b5%b7%e5%a3%ab%e9%85%a5%e9%a4%85\/#breadcrumb\"},\"inLanguage\":\"vn\",\"potentialAction\":[{\"@type\":\"ReadAction\",\"target\":[\"https:\/\/www.chfoods.com.tw\/product\/%e4%b8%ad%e7%a5%a5%e5%a5%b6%e6%b2%b9%e8%b5%b7%e5%a3%ab%e9%85%a5%e9%a4%85\/\"]}]},{\"@type\":\"ImageObject\",\"inLanguage\":\"vn\",\"@id\":\"https:\/\/www.chfoods.com.tw\/product\/%e4%b8%ad%e7%a5%a5%e5%a5%b6%e6%b2%b9%e8%b5%b7%e5%a3%ab%e9%85%a5%e9%a4%85\/#primaryimage\",\"url\":\"https:\/\/www.chfoods.com.tw\/wp-content\/uploads\/2024\/07\/2024-4444.jpg\",\"contentUrl\":\"https:\/\/www.chfoods.com.tw\/wp-content\/uploads\/2024\/07\/2024-4444.jpg\",\"width\":1000,\"height\":1000},{\"@type\":\"BreadcrumbList\",\"@id\":\"https:\/\/www.chfoods.com.tw\/product\/%e4%b8%ad%e7%a5%a5%e5%a5%b6%e6%b2%b9%e8%b5%b7%e5%a3%ab%e9%85%a5%e9%a4%85\/#breadcrumb\",\"itemListElement\":[{\"@type\":\"ListItem\",\"position\":1,\"name\":\"\u9996\u9801\",\"item\":\"https:\/\/www.chfoods.com.tw\/\"},{\"@type\":\"ListItem\",\"position\":2,\"name\":\"\u54c1\u724c\u5546\u54c1\",\"item\":\"https:\/\/www.chfoods.com.tw\/shop\/\"},{\"@type\":\"ListItem\",\"position\":3,\"name\":\"\u4e2d\u7965 \u5976\u6cb9\u8d77\u58eb\u9165\u9905\"}]},{\"@type\":\"WebSite\",\"@id\":\"https:\/\/www.chfoods.com.tw\/cn\/#website\",\"url\":\"https:\/\/www.chfoods.com.tw\/cn\/\",\"name\":\"Chung Hsiang Foods.\",\"description\":\"Chung Hsaing Food. ph\u1ea9m \u0111\u00e3 \u0111\u01b0\u1ee3c bi\u1ebft \u0111\u1ebfn v\u1edbi m\u1ed9t lo\u1ea1t b\u00e1nh quy soda t\u1ef1 nhi\u00ean. Sau h\u01a1n 50 n\u0103m, Zhongxiang Food v\u1eabn c\u00f2n t\u1ed3n t\u1ea1i tr\u00ean th\u1ecb tr\u01b0\u1eddng v\u00e0 c\u00e1c s\u1ea3n ph\u1ea9m c\u1ee7a n\u00f3 \u0111\u01b0\u1ee3c lan truy\u1ec1n kh\u1eafp c\u1ea3 n\u01b0\u1edbc v\u00e0 n\u01b0\u1edbc ngo\u00e0i.\",\"publisher\":{\"@id\":\"https:\/\/www.chfoods.com.tw\/cn\/#organization\"},\"potentialAction\":[{\"@type\":\"SearchAction\",\"target\":{\"@type\":\"EntryPoint\",\"urlTemplate\":\"https:\/\/www.chfoods.com.tw\/cn\/?s={search_term_string}\"},\"query-input\":\"required name=search_term_string\"}],\"inLanguage\":\"vn\"},{\"@type\":\"Organization\",\"@id\":\"https:\/\/www.chfoods.com.tw\/cn\/#organization\",\"name\":\"Chung Hsiang Foods.\",\"url\":\"https:\/\/www.chfoods.com.tw\/cn\/\",\"logo\":{\"@type\":\"ImageObject\",\"inLanguage\":\"vn\",\"@id\":\"https:\/\/www.chfoods.com.tw\/cn\/#\/schema\/logo\/image\/\",\"url\":\"https:\/\/www.chfoods.com.tw\/wp-content\/uploads\/2019\/02\/logo_wf_170.png\",\"contentUrl\":\"https:\/\/www.chfoods.com.tw\/wp-content\/uploads\/2019\/02\/logo_wf_170.png\",\"width\":170,\"height\":55,\"caption\":\"Chung Hsiang Foods.\"},\"image\":{\"@id\":\"https:\/\/www.chfoods.com.tw\/cn\/#\/schema\/logo\/image\/\"}}]}<\/script>\n<!-- \/ Yoast SEO plugin. -->","yoast_head_json":{"title":"Ba\u0301nh Quy B\u01a1 Ph\u00f4 Mai | Chung Hsiang Foods.","description":"\u5976\u6cb9\u8d77\u58eb\u9165\u9905\u9999\u6fc3\u8584\u8106\u4e00\u5403\u5c31\u4e0a\u766e~\u8607\u6253\u9905\u4e7e\u6210\u5206\u9078\u7528\u6b50\u7f8e\u9ad8\u7d1a\u9032\u53e3\u539f\u6599\u548c\u6fb3\u6d32\u9032\u53e3\u5976\u7c89\uff0c\u88fd\u4f5c\u6210\u9999\u6fc3\u8584\u8106\u5976\u6cb9\u9165\u9905\uff0c\u9069\u5408\u5168\u5bb6\u5927\u5c0f\u4e00\u8d77\u4eab\u7528\u3002","robots":{"index":"index","follow":"follow","max-snippet":"max-snippet:-1","max-image-preview":"max-image-preview:large","max-video-preview":"max-video-preview:-1"},"canonical":"https:\/\/www.chfoods.com.tw\/product\/\u4e2d\u7965\u5976\u6cb9\u8d77\u58eb\u9165\u9905\/","og_locale":"en_US","og_type":"article","og_title":"Ba\u0301nh Quy B\u01a1 Ph\u00f4 Mai | Chung Hsiang Foods.","og_description":"{:zh}\u5976\u6cb9\u8d77\u58eb\u9165\u9905\u9999\u6fc3\u8584\u8106\u4e00\u5403\u5c31\u4e0a\u766e~\u8607\u6253\u9905\u4e7e\u6210\u5206\u9078\u7528\u6b50\u7f8e\u9ad8\u7d1a\u9032\u53e3\u539f\u6599\u548c\u6fb3\u6d32\u9032\u53e3\u5976\u7c89\uff0c\u88fd\u4f5c\u6210\u9999\u6fc3\u8584\u8106\u5976\u6cb9\u9165\u9905\uff0c\u9069\u5408\u5168\u5bb6\u5927\u5c0f\u4e00\u8d77\u4eab\u7528\u3002{:cn}\u5976\u6cb9\u8d77\u58eb\u9165\u997c\u9999\u6d53\u8584\u8106\u4e00\u5403\u5c31\u4e0a\u763e~\u82cf\u6253\u997c\u5e72\u6210\u5206\u9009\u7528\u6b27\u7f8e\u9ad8\u7ea7\u8fdb\u53e3\u539f\u6599\u548c\u6fb3\u6d32\u8fdb\u53e3\u5976\u7c89\uff0c\u5236\u4f5c\u6210\u9999\u6d53\u8584\u8106\u5976\u6cb9\u9165\u997c\uff0c\u9002\u5408\u5168\u5bb6\u5927\u5c0f\u4e00\u8d77\u4eab\u7528\u3002{:en}The most delicious butter cheese biscuits, delicately made with rich and crispy ingredients, are addictive from the first bite. Delight Pastry uses high-quality imported ingredients from Europe and Australia, and the finest imported milk powder to make a rich, crisp cream cheese pastry that is suitable for the entire family to enjoy together.{:kr}\uc911\uc0c1 \ud06c\ub9bc\uce58\uc988 \ube44\uc2a4\ucf13\uc740 \uace0\uc18c\ud558\uace0 \ubc14\uc0ad\ubc14\uc0ad\ud574\uc11c \uba39\uc73c\uba74 \uc790\uafb8 \uba39\uac8c\ub429\ub2c8\ub2e4~ \ube44\uc2a4\ucf13\uc740 \uc720\ub7fd\uacfc \ubbf8\uad6d\uc758 \uace0\uae09 \uc218\uc785\uc6d0\ub8cc\uc640 \ud638\uc8fc\uc0b0 \uc218\uc785\ubd84\uc720\ub97c \uc0ac\uc6a9\ud558\uc5ec \uace0\uc18c\ud558\uace0 \ubc14\uc0ad\ubc14\uc0ad\ud55c \ud06c\ub9bc\uce58\uc988 \ucfe0\ud0a4\ub97c \ub9cc\ub4e4\uc5b4 \uc628 \uac00\uc871\uc774 \ud568\uaed8 \uc990\uae30\uae30\uc5d0 \uc88b\uc2b5\ub2c8\ub2e4.{:jp}\u30d0\u30bf\u30fc\u30c1\u30fc\u30ba\u30d3\u30b9\u30b1\u30c3\u30c8\u306f\u4e00\u5ea6\u98df\u3079\u308b\u3068\u30af\u30bb\u306b\u306a\u308b\u301c\u30aa\u30fc\u30b9\u30c8\u30e9\u30ea\u30a2\u7523\u7c89\u30df\u30eb\u30af\u3068\u30e8\u30ed\u30c3\u30d1\u7523\u539f\u6599\u306b\u3053\u3060\u308f\u308a\u3001\u304a\u5b50\u69d8\u304b\u3089\u304a\u5e74\u5bc4\u308a\u307e\u3067\u7686\u304c\u3053\u306e\u9999\u3070\u3057\u3044\u30d3\u30b9\u30b1\u30c3\u30c8\u3092\u5b89\u5fc3\u3057\u3066\u697d\u3057\u3080\u3053\u3068\u304c\u3067\u304d\u307e\u3059\u3002{:}","og_url":"https:\/\/www.chfoods.com.tw\/product\/\u4e2d\u7965\u5976\u6cb9\u8d77\u58eb\u9165\u9905\/","og_site_name":"Chung Hsiang Foods.","article_modified_time":"2024-11-21T09:41:44+00:00","og_image":[{"width":1000,"height":1000,"url":"https:\/\/www.chfoods.com.tw\/wp-content\/uploads\/2024\/07\/2024-4444.jpg","type":"image\/jpeg"}],"twitter_card":"summary_large_image","twitter_misc":{"Est. reading time":"1 minute"},"schema":{"@context":"https:\/\/schema.org","@graph":[{"@type":"WebPage","@id":"https:\/\/www.chfoods.com.tw\/product\/%e4%b8%ad%e7%a5%a5%e5%a5%b6%e6%b2%b9%e8%b5%b7%e5%a3%ab%e9%85%a5%e9%a4%85\/","url":"https:\/\/www.chfoods.com.tw\/product\/%e4%b8%ad%e7%a5%a5%e5%a5%b6%e6%b2%b9%e8%b5%b7%e5%a3%ab%e9%85%a5%e9%a4%85\/","name":"Ba\u0301nh Quy B\u01a1 Ph\u00f4 Mai | Chung Hsiang Foods.","isPartOf":{"@id":"https:\/\/www.chfoods.com.tw\/cn\/#website"},"primaryImageOfPage":{"@id":"https:\/\/www.chfoods.com.tw\/product\/%e4%b8%ad%e7%a5%a5%e5%a5%b6%e6%b2%b9%e8%b5%b7%e5%a3%ab%e9%85%a5%e9%a4%85\/#primaryimage"},"image":{"@id":"https:\/\/www.chfoods.com.tw\/product\/%e4%b8%ad%e7%a5%a5%e5%a5%b6%e6%b2%b9%e8%b5%b7%e5%a3%ab%e9%85%a5%e9%a4%85\/#primaryimage"},"thumbnailUrl":"https:\/\/www.chfoods.com.tw\/wp-content\/uploads\/2024\/07\/2024-4444.jpg","datePublished":"2018-10-02T03:13:35+00:00","dateModified":"2024-11-21T09:41:44+00:00","description":"{:zh}\u5976\u6cb9\u8d77\u58eb\u9165\u9905\u9999\u6fc3\u8584\u8106\u4e00\u5403\u5c31\u4e0a\u766e~\u8607\u6253\u9905\u4e7e\u6210\u5206\u9078\u7528\u6b50\u7f8e\u9ad8\u7d1a\u9032\u53e3\u539f\u6599\u548c\u6fb3\u6d32\u9032\u53e3\u5976\u7c89\uff0c\u88fd\u4f5c\u6210\u9999\u6fc3\u8584\u8106\u5976\u6cb9\u9165\u9905\uff0c\u9069\u5408\u5168\u5bb6\u5927\u5c0f\u4e00\u8d77\u4eab\u7528\u3002{:cn}\u5976\u6cb9\u8d77\u58eb\u9165\u997c\u9999\u6d53\u8584\u8106\u4e00\u5403\u5c31\u4e0a\u763e~\u82cf\u6253\u997c\u5e72\u6210\u5206\u9009\u7528\u6b27\u7f8e\u9ad8\u7ea7\u8fdb\u53e3\u539f\u6599\u548c\u6fb3\u6d32\u8fdb\u53e3\u5976\u7c89\uff0c\u5236\u4f5c\u6210\u9999\u6d53\u8584\u8106\u5976\u6cb9\u9165\u997c\uff0c\u9002\u5408\u5168\u5bb6\u5927\u5c0f\u4e00\u8d77\u4eab\u7528\u3002{:en}The most delicious butter cheese biscuits, delicately made with rich and crispy ingredients, are addictive from the first bite. Delight Pastry uses high-quality imported ingredients from Europe and Australia, and the finest imported milk powder to make a rich, crisp cream cheese pastry that is suitable for the entire family to enjoy together.{:kr}\uc911\uc0c1 \ud06c\ub9bc\uce58\uc988 \ube44\uc2a4\ucf13\uc740 \uace0\uc18c\ud558\uace0 \ubc14\uc0ad\ubc14\uc0ad\ud574\uc11c \uba39\uc73c\uba74 \uc790\uafb8 \uba39\uac8c\ub429\ub2c8\ub2e4~ \ube44\uc2a4\ucf13\uc740 \uc720\ub7fd\uacfc \ubbf8\uad6d\uc758 \uace0\uae09 \uc218\uc785\uc6d0\ub8cc\uc640 \ud638\uc8fc\uc0b0 \uc218\uc785\ubd84\uc720\ub97c \uc0ac\uc6a9\ud558\uc5ec \uace0\uc18c\ud558\uace0 \ubc14\uc0ad\ubc14\uc0ad\ud55c \ud06c\ub9bc\uce58\uc988 \ucfe0\ud0a4\ub97c \ub9cc\ub4e4\uc5b4 \uc628 \uac00\uc871\uc774 \ud568\uaed8 \uc990\uae30\uae30\uc5d0 \uc88b\uc2b5\ub2c8\ub2e4.{:jp}\u30d0\u30bf\u30fc\u30c1\u30fc\u30ba\u30d3\u30b9\u30b1\u30c3\u30c8\u306f\u4e00\u5ea6\u98df\u3079\u308b\u3068\u30af\u30bb\u306b\u306a\u308b\u301c\u30aa\u30fc\u30b9\u30c8\u30e9\u30ea\u30a2\u7523\u7c89\u30df\u30eb\u30af\u3068\u30e8\u30ed\u30c3\u30d1\u7523\u539f\u6599\u306b\u3053\u3060\u308f\u308a\u3001\u304a\u5b50\u69d8\u304b\u3089\u304a\u5e74\u5bc4\u308a\u307e\u3067\u7686\u304c\u3053\u306e\u9999\u3070\u3057\u3044\u30d3\u30b9\u30b1\u30c3\u30c8\u3092\u5b89\u5fc3\u3057\u3066\u697d\u3057\u3080\u3053\u3068\u304c\u3067\u304d\u307e\u3059\u3002{:}","breadcrumb":{"@id":"https:\/\/www.chfoods.com.tw\/product\/%e4%b8%ad%e7%a5%a5%e5%a5%b6%e6%b2%b9%e8%b5%b7%e5%a3%ab%e9%85%a5%e9%a4%85\/#breadcrumb"},"inLanguage":"vn","potentialAction":[{"@type":"ReadAction","target":["https:\/\/www.chfoods.com.tw\/product\/%e4%b8%ad%e7%a5%a5%e5%a5%b6%e6%b2%b9%e8%b5%b7%e5%a3%ab%e9%85%a5%e9%a4%85\/"]}]},{"@type":"ImageObject","inLanguage":"vn","@id":"https:\/\/www.chfoods.com.tw\/product\/%e4%b8%ad%e7%a5%a5%e5%a5%b6%e6%b2%b9%e8%b5%b7%e5%a3%ab%e9%85%a5%e9%a4%85\/#primaryimage","url":"https:\/\/www.chfoods.com.tw\/wp-content\/uploads\/2024\/07\/2024-4444.jpg","contentUrl":"https:\/\/www.chfoods.com.tw\/wp-content\/uploads\/2024\/07\/2024-4444.jpg","width":1000,"height":1000},{"@type":"BreadcrumbList","@id":"https:\/\/www.chfoods.com.tw\/product\/%e4%b8%ad%e7%a5%a5%e5%a5%b6%e6%b2%b9%e8%b5%b7%e5%a3%ab%e9%85%a5%e9%a4%85\/#breadcrumb","itemListElement":[{"@type":"ListItem","position":1,"name":"\u9996\u9801","item":"https:\/\/www.chfoods.com.tw\/"},{"@type":"ListItem","position":2,"name":"\u54c1\u724c\u5546\u54c1","item":"https:\/\/www.chfoods.com.tw\/shop\/"},{"@type":"ListItem","position":3,"name":"\u4e2d\u7965 \u5976\u6cb9\u8d77\u58eb\u9165\u9905"}]},{"@type":"WebSite","@id":"https:\/\/www.chfoods.com.tw\/cn\/#website","url":"https:\/\/www.chfoods.com.tw\/cn\/","name":"Chung Hsiang Foods.","description":"Chung Hsaing Food. ph\u1ea9m \u0111\u00e3 \u0111\u01b0\u1ee3c bi\u1ebft \u0111\u1ebfn v\u1edbi m\u1ed9t lo\u1ea1t b\u00e1nh quy soda t\u1ef1 nhi\u00ean. Sau h\u01a1n 50 n\u0103m, Zhongxiang Food v\u1eabn c\u00f2n t\u1ed3n t\u1ea1i tr\u00ean th\u1ecb tr\u01b0\u1eddng v\u00e0 c\u00e1c s\u1ea3n ph\u1ea9m c\u1ee7a n\u00f3 \u0111\u01b0\u1ee3c lan truy\u1ec1n kh\u1eafp c\u1ea3 n\u01b0\u1edbc v\u00e0 n\u01b0\u1edbc ngo\u00e0i.","publisher":{"@id":"https:\/\/www.chfoods.com.tw\/cn\/#organization"},"potentialAction":[{"@type":"SearchAction","target":{"@type":"EntryPoint","urlTemplate":"https:\/\/www.chfoods.com.tw\/cn\/?s={search_term_string}"},"query-input":"required name=search_term_string"}],"inLanguage":"vn"},{"@type":"Organization","@id":"https:\/\/www.chfoods.com.tw\/cn\/#organization","name":"Chung Hsiang Foods.","url":"https:\/\/www.chfoods.com.tw\/cn\/","logo":{"@type":"ImageObject","inLanguage":"vn","@id":"https:\/\/www.chfoods.com.tw\/cn\/#\/schema\/logo\/image\/","url":"https:\/\/www.chfoods.com.tw\/wp-content\/uploads\/2019\/02\/logo_wf_170.png","contentUrl":"https:\/\/www.chfoods.com.tw\/wp-content\/uploads\/2019\/02\/logo_wf_170.png","width":170,"height":55,"caption":"Chung Hsiang Foods."},"image":{"@id":"https:\/\/www.chfoods.com.tw\/cn\/#\/schema\/logo\/image\/"}}]}},"_links":{"self":[{"href":"https:\/\/www.chfoods.com.tw\/vn\/wp-json\/wp\/v2\/product\/8843","targetHints":{"allow":["GET"]}}],"collection":[{"href":"https:\/\/www.chfoods.com.tw\/vn\/wp-json\/wp\/v2\/product"}],"about":[{"href":"https:\/\/www.chfoods.com.tw\/vn\/wp-json\/wp\/v2\/types\/product"}],"wp:featuredmedia":[{"embeddable":true,"href":"https:\/\/www.chfoods.com.tw\/vn\/wp-json\/wp\/v2\/media\/13682"}],"wp:attachment":[{"href":"https:\/\/www.chfoods.com.tw\/vn\/wp-json\/wp\/v2\/media?parent=8843"}],"curies":[{"name":"wp","href":"https:\/\/api.w.org\/{rel}","templated":true}]}}