{"id":13745,"date":"2025-05-14T15:01:56","date_gmt":"2025-05-14T07:01:56","guid":{"rendered":"https:\/\/www.chfoods.com.tw\/?post_type=product&#038;p=13745"},"modified":"2025-10-09T00:28:07","modified_gmt":"2025-10-08T16:28:07","slug":"%e8%87%aa%e7%84%b6%e3%81%ae%e9%a1%8f-%e7%b4%ab%e8%8f%9c%e8%98%87%e6%89%93%e9%a4%85%e4%b9%be-2","status":"publish","type":"product","link":"https:\/\/www.chfoods.com.tw\/vn\/product\/%e8%87%aa%e7%84%b6%e3%81%ae%e9%a1%8f-%e7%b4%ab%e8%8f%9c%e8%98%87%e6%89%93%e9%a4%85%e4%b9%be-2\/","title":{"rendered":"Natural Series B\u00e1nh Quy Nori"},"content":{"rendered":"<p>[vc_row][vc_column][vc_single_image image=&#8221;10353&#8243; img_size=&#8221;full&#8221; alignment=&#8221;center&#8221;][\/vc_column][\/vc_row]<\/p>\n","protected":false},"excerpt":{"rendered":"<p>H\u01b0\u01a1ng v\u1ecb c\u1ed5 \u0111i\u1ec3n c\u1ee7a nori gio\u0300n th\u01a1m tuy\u00ea\u0323t v\u01a1\u0300i! Ngo\u00e0i c\u00f4ng th\u1ee9c b\u00e1nh quy \u0111\u1ed9c \u0111\u00e1o, nori \u0111\u01b0\u1ee3c l\u1ef1a ch\u1ecdn c\u1ea9n th\u1eadn, r\u1eafc h\u00e0nh l\u00e1 xanh m\u1ec1m, hai lo\u1ea1i h\u01b0\u01a1ng v\u1ecb t\u01b0\u01a1i m\u01a1\u0301i tr\u00f4\u0323n l\u00e2\u0303n \u0111an xen, s\u01b0\u0323 gio\u0300n tan sa\u0309ng khoa\u0301i se\u0303 khi\u00ea\u0301n ba\u0323n ma\u0303i ma\u0303i nh\u01a1\u0301 nhung, v\u00e0 sa\u0309n ph\u00e2\u0309m na\u0300y hi\u00ea\u0323n nay l\u00e0 m\u1ed9t s\u1ea3n ph\u1ea9m ph\u1ed5 bi\u1ebfn trong t\u1ea5t c\u1ea3 c\u00e1c k\u00eanh ba\u0301n ha\u0300ng ch\u00ednh.<\/p>\n[otw_shortcode_button href=\"https:\/\/shop.chfoods.com.tw\/products\/%E8%87%AA%E7%84%B6%E3%81%AE%E9%A1%8F-%E7%B4%AB%E8%8F%9C%E8%98%87%E6%89%93%E9%A4%85%E4%B9%BE280gx12%E8%A2%8B%E7%AE%B1\" size=\"large\" bgcolor=\"#ed212c\" icon_type=\"general foundicon-cart\" icon_position=\"left\" shape=\"round\" color_class=\"otw-red\" css_class=\"woobutton\" target=\"_blank\"]Mua Ngay[\/otw_shortcode_button]\n","protected":false},"featured_media":10353,"template":"","meta":[],"class_list":["post-13745","product","type-product","status-publish","has-post-thumbnail","hentry","product_cat-natural","product_tag-natural-series-seaweed-crackers","product_tag-468","product_tag-467","product_tag-469"],"yoast_head":"<!-- This site is optimized with the Yoast SEO plugin v22.6 - https:\/\/yoast.com\/wordpress\/plugins\/seo\/ -->\n<title>Natural Series B\u00e1nh Quy Nori | Chung Hsiang Foods.<\/title>\n<meta name=\"description\" content=\"Natural Series Seaweed Crackers is a classic snack that is crispy and delicious! In addition to the unique cracker recipe, it is made with carefully selected seaweed and sprinkled with fresh green onion. The two fresh flavors blend perfectly to create a crisp, refreshing taste that is unforgettable. This cracker is a popular choice at retailers such as PX Mart, Costco, and Family Mart.\" \/>\n<meta name=\"robots\" content=\"index, follow, max-snippet:-1, max-image-preview:large, max-video-preview:-1\" \/>\n<link rel=\"canonical\" href=\"https:\/\/www.chfoods.com.tw\/product\/\u81ea\u7136\u306e\u984f-\u7d2b\u83dc\u8607\u6253\u9905\u4e7e-2\/\" \/>\n<meta property=\"og:locale\" content=\"en_US\" \/>\n<meta property=\"og:type\" content=\"article\" \/>\n<meta property=\"og:title\" content=\"Natural Series B\u00e1nh Quy Nori | Chung Hsiang Foods.\" \/>\n<meta property=\"og:description\" content=\"{:zh}Natural Series Seaweed Crackers is a classic snack that is crispy and delicious! In addition to the unique cracker recipe, it is made with carefully selected seaweed and sprinkled with fresh green onion. The two fresh flavors blend perfectly to create a crisp, refreshing taste that is unforgettable. This cracker is a popular choice at retailers such as PX Mart, Costco, and Family Mart.{:cn}\u81ea\u7136\u306e\u989c \u7d2b\u83dc\u82cf\u6253\u997c\u5e72\uff0c\u7ecf\u5178\u53e3\u5473\u9999\u8106\u65e0\u6cd5\u6863\uff01\u9664\u4e86\u72ec\u7279\u997c\u5e72\u914d\u65b9\u4e4b\u5916\uff0c\u4e25\u9009\u7d2b\u83dc\u3001\u6d12\u4e0a\u9c9c\u5ae9\u9752\u7fe0\u9c9c\u8471\uff0c\u4e8c\u79cd\u65b0\u9c9c\u53cc\u91cd\u53e3\u611f\u6df7\u642d\uff0c\u6e05\u723d\u9999\u9165\u4ee4\u4eba\u56de\u5473\u65e0\u7a77\uff0c\u662f\u5168\u8054\u3001\u597d\u5e02\u591a\u3001\u5bb6\u4e50\u798f\u7b49\u901a\u8def\u7684\u4eba\u6c14\u997c\u5e72\u3002{:en}Natural Series Seaweed Crackers is a classic snack that is crispy and delicious! In addition to the unique cracker recipe, it is made with carefully selected seaweed and sprinkled with fresh green onion. The two fresh flavors blend perfectly to create a crisp, refreshing taste that is unforgettable. This cracker is a popular choice at retailers such as PX Mart, Costco, and Family Mart.{:kr}\ub0b4\ucd94\ub7f4\ud55c \uae40 \ube44\uc2a4\ucf13, \ubc14\uc0ad\ud558\uace0 \ud074\ub798\uc2dd\ud55c \ub9db! \ub3c5\ud2b9\ud55c \ube44\uc2a4\ucf13 \ub808\uc2dc\ud53c \uc678\uc5d0\ub3c4 \uae40\uc744 \uc5c4\uc120\ud558\uace0 \uccad\ub85d\uc0c9 \ud30c\ub97c \ubfcc\ub824 \ub450 \uac00\uc9c0 \uc2e0\uc120\ud55c \uc774\uc911 \ub9db\uc744 \ud63c\ud569\ud558\uace0 \uc0c1\ud07c\ud558\uace0 \uc587\uace0 \ubc14\uc0ad\ud568\uc774 \uc5ec\uc6b4\uc744 \ub0a8\uae30\ub294 \ub9db\uc758 \uc5f0\uacb0\uace0\ub9ac, \ucf54\uc2a4\ud2b8\ucf54, \uae4c\ub974\ud478 \ub4f1\uc758 \uc778\uae30 \ube44\uc2a4\ud0b7\uc785\ub2c8\ub2e4.{:jp}\u3053\u3060\u308f\u3063\u305f\u30ec\u30b7\u30d4\u3067\u30af\u30e9\u30c3\u30ab\u30fc\u306e\u751f\u5730\u3092\u4f5c\u308a\u3001\u53b3\u9078\u3055\u308c\u305f\u7d2b\u6d77\u82d4\u3068\u9752\u30cd\u30ae\u306f\u4e8c\u91cd\u306e\u65e8\u5473\u304c\u52b9\u304d\u3001\u3055\u3063\u3071\u308a\u306a\u5869\u5473\u304c\u53e3\u306b\u5e83\u304c\u308a\u3001\u4e00\u5ea6\u98df\u3079\u305f\u3089\u30af\u30bb\u306b\u306a\u308a\u307e\u3059\u3002{:}\" \/>\n<meta property=\"og:url\" content=\"https:\/\/www.chfoods.com.tw\/product\/\u81ea\u7136\u306e\u984f-\u7d2b\u83dc\u8607\u6253\u9905\u4e7e-2\/\" \/>\n<meta property=\"og:site_name\" content=\"Chung Hsiang Foods.\" \/>\n<meta property=\"article:modified_time\" content=\"2025-10-08T16:28:07+00:00\" \/>\n<meta property=\"og:image\" content=\"https:\/\/www.chfoods.com.tw\/wp-content\/uploads\/2019\/12\/\u81ea\u7136\u7d2b\u83dc-\u9577-300.jpg\" \/>\n\t<meta property=\"og:image:width\" content=\"300\" \/>\n\t<meta property=\"og:image:height\" content=\"300\" \/>\n\t<meta property=\"og:image:type\" content=\"image\/jpeg\" \/>\n<meta name=\"twitter:card\" content=\"summary_large_image\" \/>\n<meta name=\"twitter:label1\" content=\"Est. reading time\" \/>\n\t<meta name=\"twitter:data1\" content=\"1 minute\" \/>\n<script type=\"application\/ld+json\" class=\"yoast-schema-graph\">{\"@context\":\"https:\/\/schema.org\",\"@graph\":[{\"@type\":\"WebPage\",\"@id\":\"https:\/\/www.chfoods.com.tw\/product\/%e8%87%aa%e7%84%b6%e3%81%ae%e9%a1%8f-%e7%b4%ab%e8%8f%9c%e8%98%87%e6%89%93%e9%a4%85%e4%b9%be-2\/\",\"url\":\"https:\/\/www.chfoods.com.tw\/product\/%e8%87%aa%e7%84%b6%e3%81%ae%e9%a1%8f-%e7%b4%ab%e8%8f%9c%e8%98%87%e6%89%93%e9%a4%85%e4%b9%be-2\/\",\"name\":\"Natural Series B\u00e1nh Quy Nori | Chung Hsiang Foods.\",\"isPartOf\":{\"@id\":\"https:\/\/www.chfoods.com.tw\/cn\/#website\"},\"primaryImageOfPage\":{\"@id\":\"https:\/\/www.chfoods.com.tw\/product\/%e8%87%aa%e7%84%b6%e3%81%ae%e9%a1%8f-%e7%b4%ab%e8%8f%9c%e8%98%87%e6%89%93%e9%a4%85%e4%b9%be-2\/#primaryimage\"},\"image\":{\"@id\":\"https:\/\/www.chfoods.com.tw\/product\/%e8%87%aa%e7%84%b6%e3%81%ae%e9%a1%8f-%e7%b4%ab%e8%8f%9c%e8%98%87%e6%89%93%e9%a4%85%e4%b9%be-2\/#primaryimage\"},\"thumbnailUrl\":\"https:\/\/www.chfoods.com.tw\/wp-content\/uploads\/2019\/12\/\u81ea\u7136\u7d2b\u83dc-\u9577-300.jpg\",\"datePublished\":\"2025-05-14T07:01:56+00:00\",\"dateModified\":\"2025-10-08T16:28:07+00:00\",\"description\":\"{:zh}Natural Series Seaweed Crackers is a classic snack that is crispy and delicious! In addition to the unique cracker recipe, it is made with carefully selected seaweed and sprinkled with fresh green onion. The two fresh flavors blend perfectly to create a crisp, refreshing taste that is unforgettable. This cracker is a popular choice at retailers such as PX Mart, Costco, and Family Mart.{:cn}\u81ea\u7136\u306e\u989c \u7d2b\u83dc\u82cf\u6253\u997c\u5e72\uff0c\u7ecf\u5178\u53e3\u5473\u9999\u8106\u65e0\u6cd5\u6863\uff01\u9664\u4e86\u72ec\u7279\u997c\u5e72\u914d\u65b9\u4e4b\u5916\uff0c\u4e25\u9009\u7d2b\u83dc\u3001\u6d12\u4e0a\u9c9c\u5ae9\u9752\u7fe0\u9c9c\u8471\uff0c\u4e8c\u79cd\u65b0\u9c9c\u53cc\u91cd\u53e3\u611f\u6df7\u642d\uff0c\u6e05\u723d\u9999\u9165\u4ee4\u4eba\u56de\u5473\u65e0\u7a77\uff0c\u662f\u5168\u8054\u3001\u597d\u5e02\u591a\u3001\u5bb6\u4e50\u798f\u7b49\u901a\u8def\u7684\u4eba\u6c14\u997c\u5e72\u3002{:en}Natural Series Seaweed Crackers is a classic snack that is crispy and delicious! In addition to the unique cracker recipe, it is made with carefully selected seaweed and sprinkled with fresh green onion. The two fresh flavors blend perfectly to create a crisp, refreshing taste that is unforgettable. This cracker is a popular choice at retailers such as PX Mart, Costco, and Family Mart.{:kr}\ub0b4\ucd94\ub7f4\ud55c \uae40 \ube44\uc2a4\ucf13, \ubc14\uc0ad\ud558\uace0 \ud074\ub798\uc2dd\ud55c \ub9db! \ub3c5\ud2b9\ud55c \ube44\uc2a4\ucf13 \ub808\uc2dc\ud53c \uc678\uc5d0\ub3c4 \uae40\uc744 \uc5c4\uc120\ud558\uace0 \uccad\ub85d\uc0c9 \ud30c\ub97c \ubfcc\ub824 \ub450 \uac00\uc9c0 \uc2e0\uc120\ud55c \uc774\uc911 \ub9db\uc744 \ud63c\ud569\ud558\uace0 \uc0c1\ud07c\ud558\uace0 \uc587\uace0 \ubc14\uc0ad\ud568\uc774 \uc5ec\uc6b4\uc744 \ub0a8\uae30\ub294 \ub9db\uc758 \uc5f0\uacb0\uace0\ub9ac, \ucf54\uc2a4\ud2b8\ucf54, \uae4c\ub974\ud478 \ub4f1\uc758 \uc778\uae30 \ube44\uc2a4\ud0b7\uc785\ub2c8\ub2e4.{:jp}\u3053\u3060\u308f\u3063\u305f\u30ec\u30b7\u30d4\u3067\u30af\u30e9\u30c3\u30ab\u30fc\u306e\u751f\u5730\u3092\u4f5c\u308a\u3001\u53b3\u9078\u3055\u308c\u305f\u7d2b\u6d77\u82d4\u3068\u9752\u30cd\u30ae\u306f\u4e8c\u91cd\u306e\u65e8\u5473\u304c\u52b9\u304d\u3001\u3055\u3063\u3071\u308a\u306a\u5869\u5473\u304c\u53e3\u306b\u5e83\u304c\u308a\u3001\u4e00\u5ea6\u98df\u3079\u305f\u3089\u30af\u30bb\u306b\u306a\u308a\u307e\u3059\u3002{:}\",\"breadcrumb\":{\"@id\":\"https:\/\/www.chfoods.com.tw\/product\/%e8%87%aa%e7%84%b6%e3%81%ae%e9%a1%8f-%e7%b4%ab%e8%8f%9c%e8%98%87%e6%89%93%e9%a4%85%e4%b9%be-2\/#breadcrumb\"},\"inLanguage\":\"vn\",\"potentialAction\":[{\"@type\":\"ReadAction\",\"target\":[\"https:\/\/www.chfoods.com.tw\/product\/%e8%87%aa%e7%84%b6%e3%81%ae%e9%a1%8f-%e7%b4%ab%e8%8f%9c%e8%98%87%e6%89%93%e9%a4%85%e4%b9%be-2\/\"]}]},{\"@type\":\"ImageObject\",\"inLanguage\":\"vn\",\"@id\":\"https:\/\/www.chfoods.com.tw\/product\/%e8%87%aa%e7%84%b6%e3%81%ae%e9%a1%8f-%e7%b4%ab%e8%8f%9c%e8%98%87%e6%89%93%e9%a4%85%e4%b9%be-2\/#primaryimage\",\"url\":\"https:\/\/www.chfoods.com.tw\/wp-content\/uploads\/2019\/12\/\u81ea\u7136\u7d2b\u83dc-\u9577-300.jpg\",\"contentUrl\":\"https:\/\/www.chfoods.com.tw\/wp-content\/uploads\/2019\/12\/\u81ea\u7136\u7d2b\u83dc-\u9577-300.jpg\",\"width\":300,\"height\":300},{\"@type\":\"BreadcrumbList\",\"@id\":\"https:\/\/www.chfoods.com.tw\/product\/%e8%87%aa%e7%84%b6%e3%81%ae%e9%a1%8f-%e7%b4%ab%e8%8f%9c%e8%98%87%e6%89%93%e9%a4%85%e4%b9%be-2\/#breadcrumb\",\"itemListElement\":[{\"@type\":\"ListItem\",\"position\":1,\"name\":\"\u9996\u9801\",\"item\":\"https:\/\/www.chfoods.com.tw\/\"},{\"@type\":\"ListItem\",\"position\":2,\"name\":\"\u54c1\u724c\u5546\u54c1\",\"item\":\"https:\/\/www.chfoods.com.tw\/shop\/\"},{\"@type\":\"ListItem\",\"position\":3,\"name\":\"\u81ea\u7136\u306e\u984f \u7d2b\u83dc\u8607\u6253\u9905\u4e7e\"}]},{\"@type\":\"WebSite\",\"@id\":\"https:\/\/www.chfoods.com.tw\/cn\/#website\",\"url\":\"https:\/\/www.chfoods.com.tw\/cn\/\",\"name\":\"Chung Hsiang Foods.\",\"description\":\"Chung Hsaing Food. ph\u1ea9m \u0111\u00e3 \u0111\u01b0\u1ee3c bi\u1ebft \u0111\u1ebfn v\u1edbi m\u1ed9t lo\u1ea1t b\u00e1nh quy soda t\u1ef1 nhi\u00ean. Sau h\u01a1n 50 n\u0103m, Zhongxiang Food v\u1eabn c\u00f2n t\u1ed3n t\u1ea1i tr\u00ean th\u1ecb tr\u01b0\u1eddng v\u00e0 c\u00e1c s\u1ea3n ph\u1ea9m c\u1ee7a n\u00f3 \u0111\u01b0\u1ee3c lan truy\u1ec1n kh\u1eafp c\u1ea3 n\u01b0\u1edbc v\u00e0 n\u01b0\u1edbc ngo\u00e0i.\",\"publisher\":{\"@id\":\"https:\/\/www.chfoods.com.tw\/cn\/#organization\"},\"potentialAction\":[{\"@type\":\"SearchAction\",\"target\":{\"@type\":\"EntryPoint\",\"urlTemplate\":\"https:\/\/www.chfoods.com.tw\/cn\/?s={search_term_string}\"},\"query-input\":\"required name=search_term_string\"}],\"inLanguage\":\"vn\"},{\"@type\":\"Organization\",\"@id\":\"https:\/\/www.chfoods.com.tw\/cn\/#organization\",\"name\":\"Chung Hsiang Foods.\",\"url\":\"https:\/\/www.chfoods.com.tw\/cn\/\",\"logo\":{\"@type\":\"ImageObject\",\"inLanguage\":\"vn\",\"@id\":\"https:\/\/www.chfoods.com.tw\/cn\/#\/schema\/logo\/image\/\",\"url\":\"https:\/\/www.chfoods.com.tw\/wp-content\/uploads\/2019\/02\/logo_wf_170.png\",\"contentUrl\":\"https:\/\/www.chfoods.com.tw\/wp-content\/uploads\/2019\/02\/logo_wf_170.png\",\"width\":170,\"height\":55,\"caption\":\"Chung Hsiang Foods.\"},\"image\":{\"@id\":\"https:\/\/www.chfoods.com.tw\/cn\/#\/schema\/logo\/image\/\"}}]}<\/script>\n<!-- \/ Yoast SEO plugin. -->","yoast_head_json":{"title":"Natural Series B\u00e1nh Quy Nori | Chung Hsiang Foods.","description":"Natural Series Seaweed Crackers is a classic snack that is crispy and delicious! In addition to the unique cracker recipe, it is made with carefully selected seaweed and sprinkled with fresh green onion. The two fresh flavors blend perfectly to create a crisp, refreshing taste that is unforgettable. This cracker is a popular choice at retailers such as PX Mart, Costco, and Family Mart.","robots":{"index":"index","follow":"follow","max-snippet":"max-snippet:-1","max-image-preview":"max-image-preview:large","max-video-preview":"max-video-preview:-1"},"canonical":"https:\/\/www.chfoods.com.tw\/product\/\u81ea\u7136\u306e\u984f-\u7d2b\u83dc\u8607\u6253\u9905\u4e7e-2\/","og_locale":"en_US","og_type":"article","og_title":"Natural Series B\u00e1nh Quy Nori | Chung Hsiang Foods.","og_description":"{:zh}Natural Series Seaweed Crackers is a classic snack that is crispy and delicious! In addition to the unique cracker recipe, it is made with carefully selected seaweed and sprinkled with fresh green onion. The two fresh flavors blend perfectly to create a crisp, refreshing taste that is unforgettable. This cracker is a popular choice at retailers such as PX Mart, Costco, and Family Mart.{:cn}\u81ea\u7136\u306e\u989c \u7d2b\u83dc\u82cf\u6253\u997c\u5e72\uff0c\u7ecf\u5178\u53e3\u5473\u9999\u8106\u65e0\u6cd5\u6863\uff01\u9664\u4e86\u72ec\u7279\u997c\u5e72\u914d\u65b9\u4e4b\u5916\uff0c\u4e25\u9009\u7d2b\u83dc\u3001\u6d12\u4e0a\u9c9c\u5ae9\u9752\u7fe0\u9c9c\u8471\uff0c\u4e8c\u79cd\u65b0\u9c9c\u53cc\u91cd\u53e3\u611f\u6df7\u642d\uff0c\u6e05\u723d\u9999\u9165\u4ee4\u4eba\u56de\u5473\u65e0\u7a77\uff0c\u662f\u5168\u8054\u3001\u597d\u5e02\u591a\u3001\u5bb6\u4e50\u798f\u7b49\u901a\u8def\u7684\u4eba\u6c14\u997c\u5e72\u3002{:en}Natural Series Seaweed Crackers is a classic snack that is crispy and delicious! In addition to the unique cracker recipe, it is made with carefully selected seaweed and sprinkled with fresh green onion. The two fresh flavors blend perfectly to create a crisp, refreshing taste that is unforgettable. This cracker is a popular choice at retailers such as PX Mart, Costco, and Family Mart.{:kr}\ub0b4\ucd94\ub7f4\ud55c \uae40 \ube44\uc2a4\ucf13, \ubc14\uc0ad\ud558\uace0 \ud074\ub798\uc2dd\ud55c \ub9db! \ub3c5\ud2b9\ud55c \ube44\uc2a4\ucf13 \ub808\uc2dc\ud53c \uc678\uc5d0\ub3c4 \uae40\uc744 \uc5c4\uc120\ud558\uace0 \uccad\ub85d\uc0c9 \ud30c\ub97c \ubfcc\ub824 \ub450 \uac00\uc9c0 \uc2e0\uc120\ud55c \uc774\uc911 \ub9db\uc744 \ud63c\ud569\ud558\uace0 \uc0c1\ud07c\ud558\uace0 \uc587\uace0 \ubc14\uc0ad\ud568\uc774 \uc5ec\uc6b4\uc744 \ub0a8\uae30\ub294 \ub9db\uc758 \uc5f0\uacb0\uace0\ub9ac, \ucf54\uc2a4\ud2b8\ucf54, \uae4c\ub974\ud478 \ub4f1\uc758 \uc778\uae30 \ube44\uc2a4\ud0b7\uc785\ub2c8\ub2e4.{:jp}\u3053\u3060\u308f\u3063\u305f\u30ec\u30b7\u30d4\u3067\u30af\u30e9\u30c3\u30ab\u30fc\u306e\u751f\u5730\u3092\u4f5c\u308a\u3001\u53b3\u9078\u3055\u308c\u305f\u7d2b\u6d77\u82d4\u3068\u9752\u30cd\u30ae\u306f\u4e8c\u91cd\u306e\u65e8\u5473\u304c\u52b9\u304d\u3001\u3055\u3063\u3071\u308a\u306a\u5869\u5473\u304c\u53e3\u306b\u5e83\u304c\u308a\u3001\u4e00\u5ea6\u98df\u3079\u305f\u3089\u30af\u30bb\u306b\u306a\u308a\u307e\u3059\u3002{:}","og_url":"https:\/\/www.chfoods.com.tw\/product\/\u81ea\u7136\u306e\u984f-\u7d2b\u83dc\u8607\u6253\u9905\u4e7e-2\/","og_site_name":"Chung Hsiang Foods.","article_modified_time":"2025-10-08T16:28:07+00:00","og_image":[{"width":300,"height":300,"url":"https:\/\/www.chfoods.com.tw\/wp-content\/uploads\/2019\/12\/\u81ea\u7136\u7d2b\u83dc-\u9577-300.jpg","type":"image\/jpeg"}],"twitter_card":"summary_large_image","twitter_misc":{"Est. reading time":"1 minute"},"schema":{"@context":"https:\/\/schema.org","@graph":[{"@type":"WebPage","@id":"https:\/\/www.chfoods.com.tw\/product\/%e8%87%aa%e7%84%b6%e3%81%ae%e9%a1%8f-%e7%b4%ab%e8%8f%9c%e8%98%87%e6%89%93%e9%a4%85%e4%b9%be-2\/","url":"https:\/\/www.chfoods.com.tw\/product\/%e8%87%aa%e7%84%b6%e3%81%ae%e9%a1%8f-%e7%b4%ab%e8%8f%9c%e8%98%87%e6%89%93%e9%a4%85%e4%b9%be-2\/","name":"Natural Series B\u00e1nh Quy Nori | Chung Hsiang Foods.","isPartOf":{"@id":"https:\/\/www.chfoods.com.tw\/cn\/#website"},"primaryImageOfPage":{"@id":"https:\/\/www.chfoods.com.tw\/product\/%e8%87%aa%e7%84%b6%e3%81%ae%e9%a1%8f-%e7%b4%ab%e8%8f%9c%e8%98%87%e6%89%93%e9%a4%85%e4%b9%be-2\/#primaryimage"},"image":{"@id":"https:\/\/www.chfoods.com.tw\/product\/%e8%87%aa%e7%84%b6%e3%81%ae%e9%a1%8f-%e7%b4%ab%e8%8f%9c%e8%98%87%e6%89%93%e9%a4%85%e4%b9%be-2\/#primaryimage"},"thumbnailUrl":"https:\/\/www.chfoods.com.tw\/wp-content\/uploads\/2019\/12\/\u81ea\u7136\u7d2b\u83dc-\u9577-300.jpg","datePublished":"2025-05-14T07:01:56+00:00","dateModified":"2025-10-08T16:28:07+00:00","description":"{:zh}Natural Series Seaweed Crackers is a classic snack that is crispy and delicious! In addition to the unique cracker recipe, it is made with carefully selected seaweed and sprinkled with fresh green onion. The two fresh flavors blend perfectly to create a crisp, refreshing taste that is unforgettable. This cracker is a popular choice at retailers such as PX Mart, Costco, and Family Mart.{:cn}\u81ea\u7136\u306e\u989c \u7d2b\u83dc\u82cf\u6253\u997c\u5e72\uff0c\u7ecf\u5178\u53e3\u5473\u9999\u8106\u65e0\u6cd5\u6863\uff01\u9664\u4e86\u72ec\u7279\u997c\u5e72\u914d\u65b9\u4e4b\u5916\uff0c\u4e25\u9009\u7d2b\u83dc\u3001\u6d12\u4e0a\u9c9c\u5ae9\u9752\u7fe0\u9c9c\u8471\uff0c\u4e8c\u79cd\u65b0\u9c9c\u53cc\u91cd\u53e3\u611f\u6df7\u642d\uff0c\u6e05\u723d\u9999\u9165\u4ee4\u4eba\u56de\u5473\u65e0\u7a77\uff0c\u662f\u5168\u8054\u3001\u597d\u5e02\u591a\u3001\u5bb6\u4e50\u798f\u7b49\u901a\u8def\u7684\u4eba\u6c14\u997c\u5e72\u3002{:en}Natural Series Seaweed Crackers is a classic snack that is crispy and delicious! In addition to the unique cracker recipe, it is made with carefully selected seaweed and sprinkled with fresh green onion. The two fresh flavors blend perfectly to create a crisp, refreshing taste that is unforgettable. This cracker is a popular choice at retailers such as PX Mart, Costco, and Family Mart.{:kr}\ub0b4\ucd94\ub7f4\ud55c \uae40 \ube44\uc2a4\ucf13, \ubc14\uc0ad\ud558\uace0 \ud074\ub798\uc2dd\ud55c \ub9db! \ub3c5\ud2b9\ud55c \ube44\uc2a4\ucf13 \ub808\uc2dc\ud53c \uc678\uc5d0\ub3c4 \uae40\uc744 \uc5c4\uc120\ud558\uace0 \uccad\ub85d\uc0c9 \ud30c\ub97c \ubfcc\ub824 \ub450 \uac00\uc9c0 \uc2e0\uc120\ud55c \uc774\uc911 \ub9db\uc744 \ud63c\ud569\ud558\uace0 \uc0c1\ud07c\ud558\uace0 \uc587\uace0 \ubc14\uc0ad\ud568\uc774 \uc5ec\uc6b4\uc744 \ub0a8\uae30\ub294 \ub9db\uc758 \uc5f0\uacb0\uace0\ub9ac, \ucf54\uc2a4\ud2b8\ucf54, \uae4c\ub974\ud478 \ub4f1\uc758 \uc778\uae30 \ube44\uc2a4\ud0b7\uc785\ub2c8\ub2e4.{:jp}\u3053\u3060\u308f\u3063\u305f\u30ec\u30b7\u30d4\u3067\u30af\u30e9\u30c3\u30ab\u30fc\u306e\u751f\u5730\u3092\u4f5c\u308a\u3001\u53b3\u9078\u3055\u308c\u305f\u7d2b\u6d77\u82d4\u3068\u9752\u30cd\u30ae\u306f\u4e8c\u91cd\u306e\u65e8\u5473\u304c\u52b9\u304d\u3001\u3055\u3063\u3071\u308a\u306a\u5869\u5473\u304c\u53e3\u306b\u5e83\u304c\u308a\u3001\u4e00\u5ea6\u98df\u3079\u305f\u3089\u30af\u30bb\u306b\u306a\u308a\u307e\u3059\u3002{:}","breadcrumb":{"@id":"https:\/\/www.chfoods.com.tw\/product\/%e8%87%aa%e7%84%b6%e3%81%ae%e9%a1%8f-%e7%b4%ab%e8%8f%9c%e8%98%87%e6%89%93%e9%a4%85%e4%b9%be-2\/#breadcrumb"},"inLanguage":"vn","potentialAction":[{"@type":"ReadAction","target":["https:\/\/www.chfoods.com.tw\/product\/%e8%87%aa%e7%84%b6%e3%81%ae%e9%a1%8f-%e7%b4%ab%e8%8f%9c%e8%98%87%e6%89%93%e9%a4%85%e4%b9%be-2\/"]}]},{"@type":"ImageObject","inLanguage":"vn","@id":"https:\/\/www.chfoods.com.tw\/product\/%e8%87%aa%e7%84%b6%e3%81%ae%e9%a1%8f-%e7%b4%ab%e8%8f%9c%e8%98%87%e6%89%93%e9%a4%85%e4%b9%be-2\/#primaryimage","url":"https:\/\/www.chfoods.com.tw\/wp-content\/uploads\/2019\/12\/\u81ea\u7136\u7d2b\u83dc-\u9577-300.jpg","contentUrl":"https:\/\/www.chfoods.com.tw\/wp-content\/uploads\/2019\/12\/\u81ea\u7136\u7d2b\u83dc-\u9577-300.jpg","width":300,"height":300},{"@type":"BreadcrumbList","@id":"https:\/\/www.chfoods.com.tw\/product\/%e8%87%aa%e7%84%b6%e3%81%ae%e9%a1%8f-%e7%b4%ab%e8%8f%9c%e8%98%87%e6%89%93%e9%a4%85%e4%b9%be-2\/#breadcrumb","itemListElement":[{"@type":"ListItem","position":1,"name":"\u9996\u9801","item":"https:\/\/www.chfoods.com.tw\/"},{"@type":"ListItem","position":2,"name":"\u54c1\u724c\u5546\u54c1","item":"https:\/\/www.chfoods.com.tw\/shop\/"},{"@type":"ListItem","position":3,"name":"\u81ea\u7136\u306e\u984f \u7d2b\u83dc\u8607\u6253\u9905\u4e7e"}]},{"@type":"WebSite","@id":"https:\/\/www.chfoods.com.tw\/cn\/#website","url":"https:\/\/www.chfoods.com.tw\/cn\/","name":"Chung Hsiang Foods.","description":"Chung Hsaing Food. ph\u1ea9m \u0111\u00e3 \u0111\u01b0\u1ee3c bi\u1ebft \u0111\u1ebfn v\u1edbi m\u1ed9t lo\u1ea1t b\u00e1nh quy soda t\u1ef1 nhi\u00ean. Sau h\u01a1n 50 n\u0103m, Zhongxiang Food v\u1eabn c\u00f2n t\u1ed3n t\u1ea1i tr\u00ean th\u1ecb tr\u01b0\u1eddng v\u00e0 c\u00e1c s\u1ea3n ph\u1ea9m c\u1ee7a n\u00f3 \u0111\u01b0\u1ee3c lan truy\u1ec1n kh\u1eafp c\u1ea3 n\u01b0\u1edbc v\u00e0 n\u01b0\u1edbc ngo\u00e0i.","publisher":{"@id":"https:\/\/www.chfoods.com.tw\/cn\/#organization"},"potentialAction":[{"@type":"SearchAction","target":{"@type":"EntryPoint","urlTemplate":"https:\/\/www.chfoods.com.tw\/cn\/?s={search_term_string}"},"query-input":"required name=search_term_string"}],"inLanguage":"vn"},{"@type":"Organization","@id":"https:\/\/www.chfoods.com.tw\/cn\/#organization","name":"Chung Hsiang Foods.","url":"https:\/\/www.chfoods.com.tw\/cn\/","logo":{"@type":"ImageObject","inLanguage":"vn","@id":"https:\/\/www.chfoods.com.tw\/cn\/#\/schema\/logo\/image\/","url":"https:\/\/www.chfoods.com.tw\/wp-content\/uploads\/2019\/02\/logo_wf_170.png","contentUrl":"https:\/\/www.chfoods.com.tw\/wp-content\/uploads\/2019\/02\/logo_wf_170.png","width":170,"height":55,"caption":"Chung Hsiang Foods."},"image":{"@id":"https:\/\/www.chfoods.com.tw\/cn\/#\/schema\/logo\/image\/"}}]}},"_links":{"self":[{"href":"https:\/\/www.chfoods.com.tw\/vn\/wp-json\/wp\/v2\/product\/13745","targetHints":{"allow":["GET"]}}],"collection":[{"href":"https:\/\/www.chfoods.com.tw\/vn\/wp-json\/wp\/v2\/product"}],"about":[{"href":"https:\/\/www.chfoods.com.tw\/vn\/wp-json\/wp\/v2\/types\/product"}],"wp:featuredmedia":[{"embeddable":true,"href":"https:\/\/www.chfoods.com.tw\/vn\/wp-json\/wp\/v2\/media\/10353"}],"wp:attachment":[{"href":"https:\/\/www.chfoods.com.tw\/vn\/wp-json\/wp\/v2\/media?parent=13745"}],"curies":[{"name":"wp","href":"https:\/\/api.w.org\/{rel}","templated":true}]}}