{"id":11687,"date":"2022-07-26T10:40:19","date_gmt":"2022-07-26T02:40:19","guid":{"rendered":"https:\/\/www.chfoods.com.tw\/?post_type=product&#038;p=11687"},"modified":"2023-12-18T16:52:20","modified_gmt":"2023-12-18T08:52:20","slug":"%e8%8d%89%e8%8e%93%e5%a4%be%e5%bf%83%e8%98%87%e6%89%93%e9%a4%85%e4%b9%be","status":"publish","type":"product","link":"https:\/\/www.chfoods.com.tw\/vn\/product\/%e8%8d%89%e8%8e%93%e5%a4%be%e5%bf%83%e8%98%87%e6%89%93%e9%a4%85%e4%b9%be\/","title":{"rendered":"Sandwich Crackers &#8211; V\u1ecb d\u00e2u"},"content":{"rendered":"<p>[vc_row][vc_column][vc_column_text]Product Name\uff1aSandwich Crackers \u2013 Strawberry flavor<\/p>\n<p>Ingredients\uff1aWheat Flour, Palm Oil, Shortening(Palm Oil, Emulsifying Agent(Glycerin Fatty Acid Ester), Antioxidant(Vitamin E)), Sugar, Milk Powder, Strawberry Juice Powder(Maltodextrin, Strawberry Juice Concentrate, Gum Arabic), Maltodextrin, Salt, Baking Powder(Calcium Phosphate, Sodium Bicarbonate, Corn Starch), Sodium Bicarbonate, Yeast, Citric Acid, Flavor.<\/p>\n<p>Net Weight\uff1a768 g (27.09oz)[\/vc_column_text][\/vc_column][\/vc_row]<\/p>","protected":false},"excerpt":{"rendered":"<p>L\u1edbp ngo\u00e0i c\u00f3 th\u00e2n b\u00e1nh gi\u00f2n v\u00e0 th\u01a1m m\u00f9i l\u00faa m\u00ec, nh\u00e2n d\u00e2u \u0111\u1ea7y \u0111\u1eb7n, chua chua ng\u1ecdt ng\u1ecdt r\u1ea5t v\u1eeba mi\u1ec7ng!<\/p>\n","protected":false},"featured_media":11634,"template":"","meta":[],"class_list":["post-11687","product","type-product","status-publish","has-post-thumbnail","hentry","product_cat-chfoods","product_tag-saltine-cracker","product_tag-sandwiched-cookies","product_tag-420","product_tag-422","product_tag-224","product_tag-423","product_tag-227","product_tag-421"],"yoast_head":"<!-- This site is optimized with the Yoast SEO plugin v22.6 - https:\/\/yoast.com\/wordpress\/plugins\/seo\/ -->\n<title>Sandwich Crackers - V\u1ecb d\u00e2u | Chung Hsiang Foods.<\/title>\n<meta name=\"description\" content=\"\u6700\u597d\u5403\u7684\u8349\u8393\u593e\u5fc3\u9905\u4e7e\uff0c\u5916\u5c64\u6709\u8457\u9165\u8106\u8207\u5c0f\u9ea5\u9999\u6c23\u7684\u9905\u4e7e\uff0c\u88e1\u9762\u662f\u9999\u6fc3\u6ed1\u53e3\u8349\u8393\u593e\u5fc3\u5167\u9921\u98fd\u6eff\u3002\u5de7\u5999\u7d50\u5408\u8607\u6253\u9905\u4e7e\u8207\u593e\u5fc3\u9905\u4e7e\uff0c\u9178\u751c\u6ecb\u5473\u642d\u914d\u7684\u6070\u5230\u597d\u8655\uff01\" \/>\n<meta name=\"robots\" content=\"index, follow, max-snippet:-1, max-image-preview:large, max-video-preview:-1\" \/>\n<link rel=\"canonical\" href=\"https:\/\/www.chfoods.com.tw\/product\/\u8349\u8393\u593e\u5fc3\u8607\u6253\u9905\u4e7e\/\" \/>\n<meta property=\"og:locale\" content=\"en_US\" \/>\n<meta property=\"og:type\" content=\"article\" \/>\n<meta property=\"og:title\" content=\"Sandwich Crackers - V\u1ecb d\u00e2u | Chung Hsiang Foods.\" \/>\n<meta property=\"og:description\" content=\"\u6700\u597d\u5403\u7684\u8349\u8393\u593e\u5fc3\u9905\u4e7e\uff0c\u5916\u5c64\u6709\u8457\u9165\u8106\u8207\u5c0f\u9ea5\u9999\u6c23\u7684\u9905\u4e7e\uff0c\u88e1\u9762\u662f\u9999\u6fc3\u6ed1\u53e3\u8349\u8393\u593e\u5fc3\u5167\u9921\u98fd\u6eff\u3002\u5de7\u5999\u7d50\u5408\u8607\u6253\u9905\u4e7e\u8207\u593e\u5fc3\u9905\u4e7e\uff0c\u9178\u751c\u6ecb\u5473\u642d\u914d\u7684\u6070\u5230\u597d\u8655\uff01\" \/>\n<meta property=\"og:url\" content=\"https:\/\/www.chfoods.com.tw\/product\/\u8349\u8393\u593e\u5fc3\u8607\u6253\u9905\u4e7e\/\" \/>\n<meta property=\"og:site_name\" content=\"Chung Hsiang Foods.\" \/>\n<meta property=\"article:modified_time\" content=\"2023-12-18T08:52:20+00:00\" \/>\n<meta property=\"og:image\" content=\"https:\/\/www.chfoods.com.tw\/wp-content\/uploads\/2022\/05\/142001-1-500X500.jpg\" \/>\n\t<meta property=\"og:image:width\" content=\"500\" \/>\n\t<meta property=\"og:image:height\" content=\"500\" \/>\n\t<meta property=\"og:image:type\" content=\"image\/jpeg\" \/>\n<meta name=\"twitter:card\" content=\"summary_large_image\" \/>\n<meta name=\"twitter:label1\" content=\"Est. reading time\" \/>\n\t<meta name=\"twitter:data1\" content=\"2 minutes\" \/>\n<script type=\"application\/ld+json\" class=\"yoast-schema-graph\">{\"@context\":\"https:\/\/schema.org\",\"@graph\":[{\"@type\":\"WebPage\",\"@id\":\"https:\/\/www.chfoods.com.tw\/product\/%e8%8d%89%e8%8e%93%e5%a4%be%e5%bf%83%e8%98%87%e6%89%93%e9%a4%85%e4%b9%be\/\",\"url\":\"https:\/\/www.chfoods.com.tw\/product\/%e8%8d%89%e8%8e%93%e5%a4%be%e5%bf%83%e8%98%87%e6%89%93%e9%a4%85%e4%b9%be\/\",\"name\":\"Sandwich Crackers - V\u1ecb d\u00e2u | Chung Hsiang Foods.\",\"isPartOf\":{\"@id\":\"https:\/\/www.chfoods.com.tw\/cn\/#website\"},\"primaryImageOfPage\":{\"@id\":\"https:\/\/www.chfoods.com.tw\/product\/%e8%8d%89%e8%8e%93%e5%a4%be%e5%bf%83%e8%98%87%e6%89%93%e9%a4%85%e4%b9%be\/#primaryimage\"},\"image\":{\"@id\":\"https:\/\/www.chfoods.com.tw\/product\/%e8%8d%89%e8%8e%93%e5%a4%be%e5%bf%83%e8%98%87%e6%89%93%e9%a4%85%e4%b9%be\/#primaryimage\"},\"thumbnailUrl\":\"https:\/\/www.chfoods.com.tw\/wp-content\/uploads\/2022\/05\/142001-1-500X500.jpg\",\"datePublished\":\"2022-07-26T02:40:19+00:00\",\"dateModified\":\"2023-12-18T08:52:20+00:00\",\"description\":\"\u6700\u597d\u5403\u7684\u8349\u8393\u593e\u5fc3\u9905\u4e7e\uff0c\u5916\u5c64\u6709\u8457\u9165\u8106\u8207\u5c0f\u9ea5\u9999\u6c23\u7684\u9905\u4e7e\uff0c\u88e1\u9762\u662f\u9999\u6fc3\u6ed1\u53e3\u8349\u8393\u593e\u5fc3\u5167\u9921\u98fd\u6eff\u3002\u5de7\u5999\u7d50\u5408\u8607\u6253\u9905\u4e7e\u8207\u593e\u5fc3\u9905\u4e7e\uff0c\u9178\u751c\u6ecb\u5473\u642d\u914d\u7684\u6070\u5230\u597d\u8655\uff01\",\"breadcrumb\":{\"@id\":\"https:\/\/www.chfoods.com.tw\/product\/%e8%8d%89%e8%8e%93%e5%a4%be%e5%bf%83%e8%98%87%e6%89%93%e9%a4%85%e4%b9%be\/#breadcrumb\"},\"inLanguage\":\"vn\",\"potentialAction\":[{\"@type\":\"ReadAction\",\"target\":[\"https:\/\/www.chfoods.com.tw\/product\/%e8%8d%89%e8%8e%93%e5%a4%be%e5%bf%83%e8%98%87%e6%89%93%e9%a4%85%e4%b9%be\/\"]}]},{\"@type\":\"ImageObject\",\"inLanguage\":\"vn\",\"@id\":\"https:\/\/www.chfoods.com.tw\/product\/%e8%8d%89%e8%8e%93%e5%a4%be%e5%bf%83%e8%98%87%e6%89%93%e9%a4%85%e4%b9%be\/#primaryimage\",\"url\":\"https:\/\/www.chfoods.com.tw\/wp-content\/uploads\/2022\/05\/142001-1-500X500.jpg\",\"contentUrl\":\"https:\/\/www.chfoods.com.tw\/wp-content\/uploads\/2022\/05\/142001-1-500X500.jpg\",\"width\":500,\"height\":500},{\"@type\":\"BreadcrumbList\",\"@id\":\"https:\/\/www.chfoods.com.tw\/product\/%e8%8d%89%e8%8e%93%e5%a4%be%e5%bf%83%e8%98%87%e6%89%93%e9%a4%85%e4%b9%be\/#breadcrumb\",\"itemListElement\":[{\"@type\":\"ListItem\",\"position\":1,\"name\":\"\u9996\u9801\",\"item\":\"https:\/\/www.chfoods.com.tw\/\"},{\"@type\":\"ListItem\",\"position\":2,\"name\":\"\u54c1\u724c\u5546\u54c1\",\"item\":\"https:\/\/www.chfoods.com.tw\/shop\/\"},{\"@type\":\"ListItem\",\"position\":3,\"name\":\"\u4e2d\u7965 \u8349\u8393\u593e\u5fc3\u8607\u6253\u9905\u4e7e\"}]},{\"@type\":\"WebSite\",\"@id\":\"https:\/\/www.chfoods.com.tw\/cn\/#website\",\"url\":\"https:\/\/www.chfoods.com.tw\/cn\/\",\"name\":\"Chung Hsiang Foods.\",\"description\":\"Chung Hsaing Food. ph\u1ea9m \u0111\u00e3 \u0111\u01b0\u1ee3c bi\u1ebft \u0111\u1ebfn v\u1edbi m\u1ed9t lo\u1ea1t b\u00e1nh quy soda t\u1ef1 nhi\u00ean. Sau h\u01a1n 50 n\u0103m, Zhongxiang Food v\u1eabn c\u00f2n t\u1ed3n t\u1ea1i tr\u00ean th\u1ecb tr\u01b0\u1eddng v\u00e0 c\u00e1c s\u1ea3n ph\u1ea9m c\u1ee7a n\u00f3 \u0111\u01b0\u1ee3c lan truy\u1ec1n kh\u1eafp c\u1ea3 n\u01b0\u1edbc v\u00e0 n\u01b0\u1edbc ngo\u00e0i.\",\"publisher\":{\"@id\":\"https:\/\/www.chfoods.com.tw\/cn\/#organization\"},\"potentialAction\":[{\"@type\":\"SearchAction\",\"target\":{\"@type\":\"EntryPoint\",\"urlTemplate\":\"https:\/\/www.chfoods.com.tw\/cn\/?s={search_term_string}\"},\"query-input\":\"required name=search_term_string\"}],\"inLanguage\":\"vn\"},{\"@type\":\"Organization\",\"@id\":\"https:\/\/www.chfoods.com.tw\/cn\/#organization\",\"name\":\"Chung Hsiang Foods.\",\"url\":\"https:\/\/www.chfoods.com.tw\/cn\/\",\"logo\":{\"@type\":\"ImageObject\",\"inLanguage\":\"vn\",\"@id\":\"https:\/\/www.chfoods.com.tw\/cn\/#\/schema\/logo\/image\/\",\"url\":\"https:\/\/www.chfoods.com.tw\/wp-content\/uploads\/2019\/02\/logo_wf_170.png\",\"contentUrl\":\"https:\/\/www.chfoods.com.tw\/wp-content\/uploads\/2019\/02\/logo_wf_170.png\",\"width\":170,\"height\":55,\"caption\":\"Chung Hsiang Foods.\"},\"image\":{\"@id\":\"https:\/\/www.chfoods.com.tw\/cn\/#\/schema\/logo\/image\/\"}}]}<\/script>\n<!-- \/ Yoast SEO plugin. -->","yoast_head_json":{"title":"Sandwich Crackers - V\u1ecb d\u00e2u | Chung Hsiang Foods.","description":"\u6700\u597d\u5403\u7684\u8349\u8393\u593e\u5fc3\u9905\u4e7e\uff0c\u5916\u5c64\u6709\u8457\u9165\u8106\u8207\u5c0f\u9ea5\u9999\u6c23\u7684\u9905\u4e7e\uff0c\u88e1\u9762\u662f\u9999\u6fc3\u6ed1\u53e3\u8349\u8393\u593e\u5fc3\u5167\u9921\u98fd\u6eff\u3002\u5de7\u5999\u7d50\u5408\u8607\u6253\u9905\u4e7e\u8207\u593e\u5fc3\u9905\u4e7e\uff0c\u9178\u751c\u6ecb\u5473\u642d\u914d\u7684\u6070\u5230\u597d\u8655\uff01","robots":{"index":"index","follow":"follow","max-snippet":"max-snippet:-1","max-image-preview":"max-image-preview:large","max-video-preview":"max-video-preview:-1"},"canonical":"https:\/\/www.chfoods.com.tw\/product\/\u8349\u8393\u593e\u5fc3\u8607\u6253\u9905\u4e7e\/","og_locale":"en_US","og_type":"article","og_title":"Sandwich Crackers - V\u1ecb d\u00e2u | Chung Hsiang Foods.","og_description":"\u6700\u597d\u5403\u7684\u8349\u8393\u593e\u5fc3\u9905\u4e7e\uff0c\u5916\u5c64\u6709\u8457\u9165\u8106\u8207\u5c0f\u9ea5\u9999\u6c23\u7684\u9905\u4e7e\uff0c\u88e1\u9762\u662f\u9999\u6fc3\u6ed1\u53e3\u8349\u8393\u593e\u5fc3\u5167\u9921\u98fd\u6eff\u3002\u5de7\u5999\u7d50\u5408\u8607\u6253\u9905\u4e7e\u8207\u593e\u5fc3\u9905\u4e7e\uff0c\u9178\u751c\u6ecb\u5473\u642d\u914d\u7684\u6070\u5230\u597d\u8655\uff01","og_url":"https:\/\/www.chfoods.com.tw\/product\/\u8349\u8393\u593e\u5fc3\u8607\u6253\u9905\u4e7e\/","og_site_name":"Chung Hsiang Foods.","article_modified_time":"2023-12-18T08:52:20+00:00","og_image":[{"width":500,"height":500,"url":"https:\/\/www.chfoods.com.tw\/wp-content\/uploads\/2022\/05\/142001-1-500X500.jpg","type":"image\/jpeg"}],"twitter_card":"summary_large_image","twitter_misc":{"Est. reading time":"2 minutes"},"schema":{"@context":"https:\/\/schema.org","@graph":[{"@type":"WebPage","@id":"https:\/\/www.chfoods.com.tw\/product\/%e8%8d%89%e8%8e%93%e5%a4%be%e5%bf%83%e8%98%87%e6%89%93%e9%a4%85%e4%b9%be\/","url":"https:\/\/www.chfoods.com.tw\/product\/%e8%8d%89%e8%8e%93%e5%a4%be%e5%bf%83%e8%98%87%e6%89%93%e9%a4%85%e4%b9%be\/","name":"Sandwich Crackers - V\u1ecb d\u00e2u | Chung Hsiang Foods.","isPartOf":{"@id":"https:\/\/www.chfoods.com.tw\/cn\/#website"},"primaryImageOfPage":{"@id":"https:\/\/www.chfoods.com.tw\/product\/%e8%8d%89%e8%8e%93%e5%a4%be%e5%bf%83%e8%98%87%e6%89%93%e9%a4%85%e4%b9%be\/#primaryimage"},"image":{"@id":"https:\/\/www.chfoods.com.tw\/product\/%e8%8d%89%e8%8e%93%e5%a4%be%e5%bf%83%e8%98%87%e6%89%93%e9%a4%85%e4%b9%be\/#primaryimage"},"thumbnailUrl":"https:\/\/www.chfoods.com.tw\/wp-content\/uploads\/2022\/05\/142001-1-500X500.jpg","datePublished":"2022-07-26T02:40:19+00:00","dateModified":"2023-12-18T08:52:20+00:00","description":"\u6700\u597d\u5403\u7684\u8349\u8393\u593e\u5fc3\u9905\u4e7e\uff0c\u5916\u5c64\u6709\u8457\u9165\u8106\u8207\u5c0f\u9ea5\u9999\u6c23\u7684\u9905\u4e7e\uff0c\u88e1\u9762\u662f\u9999\u6fc3\u6ed1\u53e3\u8349\u8393\u593e\u5fc3\u5167\u9921\u98fd\u6eff\u3002\u5de7\u5999\u7d50\u5408\u8607\u6253\u9905\u4e7e\u8207\u593e\u5fc3\u9905\u4e7e\uff0c\u9178\u751c\u6ecb\u5473\u642d\u914d\u7684\u6070\u5230\u597d\u8655\uff01","breadcrumb":{"@id":"https:\/\/www.chfoods.com.tw\/product\/%e8%8d%89%e8%8e%93%e5%a4%be%e5%bf%83%e8%98%87%e6%89%93%e9%a4%85%e4%b9%be\/#breadcrumb"},"inLanguage":"vn","potentialAction":[{"@type":"ReadAction","target":["https:\/\/www.chfoods.com.tw\/product\/%e8%8d%89%e8%8e%93%e5%a4%be%e5%bf%83%e8%98%87%e6%89%93%e9%a4%85%e4%b9%be\/"]}]},{"@type":"ImageObject","inLanguage":"vn","@id":"https:\/\/www.chfoods.com.tw\/product\/%e8%8d%89%e8%8e%93%e5%a4%be%e5%bf%83%e8%98%87%e6%89%93%e9%a4%85%e4%b9%be\/#primaryimage","url":"https:\/\/www.chfoods.com.tw\/wp-content\/uploads\/2022\/05\/142001-1-500X500.jpg","contentUrl":"https:\/\/www.chfoods.com.tw\/wp-content\/uploads\/2022\/05\/142001-1-500X500.jpg","width":500,"height":500},{"@type":"BreadcrumbList","@id":"https:\/\/www.chfoods.com.tw\/product\/%e8%8d%89%e8%8e%93%e5%a4%be%e5%bf%83%e8%98%87%e6%89%93%e9%a4%85%e4%b9%be\/#breadcrumb","itemListElement":[{"@type":"ListItem","position":1,"name":"\u9996\u9801","item":"https:\/\/www.chfoods.com.tw\/"},{"@type":"ListItem","position":2,"name":"\u54c1\u724c\u5546\u54c1","item":"https:\/\/www.chfoods.com.tw\/shop\/"},{"@type":"ListItem","position":3,"name":"\u4e2d\u7965 \u8349\u8393\u593e\u5fc3\u8607\u6253\u9905\u4e7e"}]},{"@type":"WebSite","@id":"https:\/\/www.chfoods.com.tw\/cn\/#website","url":"https:\/\/www.chfoods.com.tw\/cn\/","name":"Chung Hsiang Foods.","description":"Chung Hsaing Food. ph\u1ea9m \u0111\u00e3 \u0111\u01b0\u1ee3c bi\u1ebft \u0111\u1ebfn v\u1edbi m\u1ed9t lo\u1ea1t b\u00e1nh quy soda t\u1ef1 nhi\u00ean. Sau h\u01a1n 50 n\u0103m, Zhongxiang Food v\u1eabn c\u00f2n t\u1ed3n t\u1ea1i tr\u00ean th\u1ecb tr\u01b0\u1eddng v\u00e0 c\u00e1c s\u1ea3n ph\u1ea9m c\u1ee7a n\u00f3 \u0111\u01b0\u1ee3c lan truy\u1ec1n kh\u1eafp c\u1ea3 n\u01b0\u1edbc v\u00e0 n\u01b0\u1edbc ngo\u00e0i.","publisher":{"@id":"https:\/\/www.chfoods.com.tw\/cn\/#organization"},"potentialAction":[{"@type":"SearchAction","target":{"@type":"EntryPoint","urlTemplate":"https:\/\/www.chfoods.com.tw\/cn\/?s={search_term_string}"},"query-input":"required name=search_term_string"}],"inLanguage":"vn"},{"@type":"Organization","@id":"https:\/\/www.chfoods.com.tw\/cn\/#organization","name":"Chung Hsiang Foods.","url":"https:\/\/www.chfoods.com.tw\/cn\/","logo":{"@type":"ImageObject","inLanguage":"vn","@id":"https:\/\/www.chfoods.com.tw\/cn\/#\/schema\/logo\/image\/","url":"https:\/\/www.chfoods.com.tw\/wp-content\/uploads\/2019\/02\/logo_wf_170.png","contentUrl":"https:\/\/www.chfoods.com.tw\/wp-content\/uploads\/2019\/02\/logo_wf_170.png","width":170,"height":55,"caption":"Chung Hsiang Foods."},"image":{"@id":"https:\/\/www.chfoods.com.tw\/cn\/#\/schema\/logo\/image\/"}}]}},"_links":{"self":[{"href":"https:\/\/www.chfoods.com.tw\/vn\/wp-json\/wp\/v2\/product\/11687","targetHints":{"allow":["GET"]}}],"collection":[{"href":"https:\/\/www.chfoods.com.tw\/vn\/wp-json\/wp\/v2\/product"}],"about":[{"href":"https:\/\/www.chfoods.com.tw\/vn\/wp-json\/wp\/v2\/types\/product"}],"wp:featuredmedia":[{"embeddable":true,"href":"https:\/\/www.chfoods.com.tw\/vn\/wp-json\/wp\/v2\/media\/11634"}],"wp:attachment":[{"href":"https:\/\/www.chfoods.com.tw\/vn\/wp-json\/wp\/v2\/media?parent=11687"}],"curies":[{"name":"wp","href":"https:\/\/api.w.org\/{rel}","templated":true}]}}