{"id":11662,"date":"2022-06-08T10:39:11","date_gmt":"2022-06-08T02:39:11","guid":{"rendered":"https:\/\/www.chfoods.com.tw\/?post_type=product&#038;p=11662"},"modified":"2023-03-31T10:12:07","modified_gmt":"2023-03-31T02:12:07","slug":"%e4%b8%ad%e7%a5%a5-%e5%8e%9f%e5%91%b3%e5%9c%b0%e7%93%9c%e9%85%a5","status":"publish","type":"product","link":"https:\/\/www.chfoods.com.tw\/vn\/product\/%e4%b8%ad%e7%a5%a5-%e5%8e%9f%e5%91%b3%e5%9c%b0%e7%93%9c%e9%85%a5\/","title":{"rendered":"Khoai lang gi\u00f2n nguy\u00ean b\u1ea3n"},"content":{"rendered":"<p>[vc_row][vc_column][vc_column_text]<\/p>\n<p style=\"text-align: left;\">Product Name\uff1aSweet Potato Chips (Original)<\/p>\n<p style=\"text-align: left;\">Ingredients\uff1aSweet Potato, Palm Oil, Powdered Sugar<\/p>\n<p style=\"text-align: left;\">Net Weight\uff1a70g (2.47oz)<\/p>\n<p style=\"text-align: left;\">Shelf Life: 8 Months<\/p>\n<p>[\/vc_column_text][\/vc_column][\/vc_row]<\/p>","protected":false},"excerpt":{"rendered":"<p class=\"qtranxs-available-languages-message qtranxs-available-languages-message-vn\">Xin l\u1ed7i, n\u1ed9i dung n\u00e0y ch\u1ec9 \u00e1p d\u1ee5ng cho<a href=\"https:\/\/www.chfoods.com.tw\/zh\/wp-json\/wp\/v2\/product\/11662\" class=\"qtranxs-available-language-link qtranxs-available-language-link-zh\" title=\"\u7e41\u9ad4\u4e2d\u6587\">\u7e41\u9ad4\u4e2d\u6587<\/a>\uff0c<a href=\"https:\/\/www.chfoods.com.tw\/cn\/wp-json\/wp\/v2\/product\/11662\" class=\"qtranxs-available-language-link qtranxs-available-language-link-cn\" title=\"\u7b80\u4f53\u4e2d\u6587\">\u7b80\u4f53\u4e2d\u6587<\/a>\uff0c<a href=\"https:\/\/www.chfoods.com.tw\/en\/wp-json\/wp\/v2\/product\/11662\" class=\"qtranxs-available-language-link qtranxs-available-language-link-en\" title=\"English\">English<\/a>\uff0c<a href=\"https:\/\/www.chfoods.com.tw\/kr\/wp-json\/wp\/v2\/product\/11662\" class=\"qtranxs-available-language-link qtranxs-available-language-link-kr\" title=\"\ud55c\uad6d\uc5b4\">\ud55c\uad6d\uc5b4<\/a>v\u00e0<a href=\"https:\/\/www.chfoods.com.tw\/jp\/wp-json\/wp\/v2\/product\/11662\" class=\"qtranxs-available-language-link qtranxs-available-language-link-jp\" title=\"\u65e5\u672c\u8a9e\">\u65e5\u672c\u8a9e<\/a>\u3002<\/p>\n","protected":false},"featured_media":11665,"template":"","meta":[],"class_list":["post-11662","product","type-product","status-publish","has-post-thumbnail","hentry","product_cat-chfoods","product_tag-sweet-potato-chips","product_tag-405","product_tag-221","product_tag-406"],"yoast_head":"<!-- This site is optimized with the Yoast SEO plugin v22.6 - https:\/\/yoast.com\/wordpress\/plugins\/seo\/ -->\n<title>Khoai lang gi\u00f2n nguy\u00ean b\u1ea3n | Chung Hsiang Foods.<\/title>\n<meta name=\"description\" content=\"\u4e2d\u7965\u539f\u5473\u5730\u74dc\u9165\uff0c\u53f0\u6e7e\u4f20\u7edf\u53e4\u65e9\u5473\u997c\u5e72\uff0c\u4e25\u9009\u53f0\u519c57\u53f7\u5730\u74dc\uff0c\u5403\u8d77\u6765\u9165\u8106\u723d\u53e3\uff0c\u7f8e\u5473\u53c8\u597d\u5403\u3002\" \/>\n<meta name=\"robots\" content=\"index, follow, max-snippet:-1, max-image-preview:large, max-video-preview:-1\" \/>\n<link rel=\"canonical\" href=\"https:\/\/www.chfoods.com.tw\/cn\/product\/\u4e2d\u7965-\u539f\u5473\u5730\u74dc\u9165\/\" \/>\n<meta property=\"og:locale\" content=\"en_US\" \/>\n<meta property=\"og:type\" content=\"article\" \/>\n<meta property=\"og:title\" content=\"Khoai lang gi\u00f2n nguy\u00ean b\u1ea3n | Chung Hsiang Foods.\" \/>\n<meta property=\"og:description\" content=\"\u4e2d\u7965\u539f\u5473\u5730\u74dc\u9165\uff0c\u53f0\u6e7e\u4f20\u7edf\u53e4\u65e9\u5473\u997c\u5e72\uff0c\u4e25\u9009\u53f0\u519c57\u53f7\u5730\u74dc\uff0c\u5403\u8d77\u6765\u9165\u8106\u723d\u53e3\uff0c\u7f8e\u5473\u53c8\u597d\u5403\u3002\" \/>\n<meta property=\"og:url\" content=\"https:\/\/www.chfoods.com.tw\/cn\/product\/\u4e2d\u7965-\u539f\u5473\u5730\u74dc\u9165\/\" \/>\n<meta property=\"og:site_name\" content=\"Chung Hsiang Foods.\" \/>\n<meta property=\"article:modified_time\" content=\"2023-03-31T02:12:07+00:00\" \/>\n<meta property=\"og:image\" content=\"https:\/\/www.chfoods.com.tw\/wp-content\/uploads\/2022\/06\/\u539f\u5473\u5730\u74dc\u9165-500.jpg\" \/>\n\t<meta property=\"og:image:width\" content=\"500\" \/>\n\t<meta property=\"og:image:height\" content=\"500\" \/>\n\t<meta property=\"og:image:type\" content=\"image\/jpeg\" \/>\n<meta name=\"twitter:card\" content=\"summary_large_image\" \/>\n<meta name=\"twitter:label1\" content=\"Est. reading time\" \/>\n\t<meta name=\"twitter:data1\" content=\"1 minute\" \/>\n<script type=\"application\/ld+json\" class=\"yoast-schema-graph\">{\"@context\":\"https:\/\/schema.org\",\"@graph\":[{\"@type\":\"WebPage\",\"@id\":\"https:\/\/www.chfoods.com.tw\/cn\/product\/%e4%b8%ad%e7%a5%a5-%e5%8e%9f%e5%91%b3%e5%9c%b0%e7%93%9c%e9%85%a5\/\",\"url\":\"https:\/\/www.chfoods.com.tw\/cn\/product\/%e4%b8%ad%e7%a5%a5-%e5%8e%9f%e5%91%b3%e5%9c%b0%e7%93%9c%e9%85%a5\/\",\"name\":\"Khoai lang gi\u00f2n nguy\u00ean b\u1ea3n | Chung Hsiang Foods.\",\"isPartOf\":{\"@id\":\"https:\/\/www.chfoods.com.tw\/cn\/#website\"},\"primaryImageOfPage\":{\"@id\":\"https:\/\/www.chfoods.com.tw\/cn\/product\/%e4%b8%ad%e7%a5%a5-%e5%8e%9f%e5%91%b3%e5%9c%b0%e7%93%9c%e9%85%a5\/#primaryimage\"},\"image\":{\"@id\":\"https:\/\/www.chfoods.com.tw\/cn\/product\/%e4%b8%ad%e7%a5%a5-%e5%8e%9f%e5%91%b3%e5%9c%b0%e7%93%9c%e9%85%a5\/#primaryimage\"},\"thumbnailUrl\":\"https:\/\/www.chfoods.com.tw\/wp-content\/uploads\/2022\/06\/\u539f\u5473\u5730\u74dc\u9165-500.jpg\",\"datePublished\":\"2022-06-08T02:39:11+00:00\",\"dateModified\":\"2023-03-31T02:12:07+00:00\",\"description\":\"\u4e2d\u7965\u539f\u5473\u5730\u74dc\u9165\uff0c\u53f0\u6e7e\u4f20\u7edf\u53e4\u65e9\u5473\u997c\u5e72\uff0c\u4e25\u9009\u53f0\u519c57\u53f7\u5730\u74dc\uff0c\u5403\u8d77\u6765\u9165\u8106\u723d\u53e3\uff0c\u7f8e\u5473\u53c8\u597d\u5403\u3002\",\"breadcrumb\":{\"@id\":\"https:\/\/www.chfoods.com.tw\/cn\/product\/%e4%b8%ad%e7%a5%a5-%e5%8e%9f%e5%91%b3%e5%9c%b0%e7%93%9c%e9%85%a5\/#breadcrumb\"},\"inLanguage\":\"vn\",\"potentialAction\":[{\"@type\":\"ReadAction\",\"target\":[\"https:\/\/www.chfoods.com.tw\/cn\/product\/%e4%b8%ad%e7%a5%a5-%e5%8e%9f%e5%91%b3%e5%9c%b0%e7%93%9c%e9%85%a5\/\"]}]},{\"@type\":\"ImageObject\",\"inLanguage\":\"vn\",\"@id\":\"https:\/\/www.chfoods.com.tw\/cn\/product\/%e4%b8%ad%e7%a5%a5-%e5%8e%9f%e5%91%b3%e5%9c%b0%e7%93%9c%e9%85%a5\/#primaryimage\",\"url\":\"https:\/\/www.chfoods.com.tw\/wp-content\/uploads\/2022\/06\/\u539f\u5473\u5730\u74dc\u9165-500.jpg\",\"contentUrl\":\"https:\/\/www.chfoods.com.tw\/wp-content\/uploads\/2022\/06\/\u539f\u5473\u5730\u74dc\u9165-500.jpg\",\"width\":500,\"height\":500},{\"@type\":\"BreadcrumbList\",\"@id\":\"https:\/\/www.chfoods.com.tw\/cn\/product\/%e4%b8%ad%e7%a5%a5-%e5%8e%9f%e5%91%b3%e5%9c%b0%e7%93%9c%e9%85%a5\/#breadcrumb\",\"itemListElement\":[{\"@type\":\"ListItem\",\"position\":1,\"name\":\"\u9996\u9801\",\"item\":\"https:\/\/www.chfoods.com.tw\/\"},{\"@type\":\"ListItem\",\"position\":2,\"name\":\"\u54c1\u724c\u5546\u54c1\",\"item\":\"https:\/\/www.chfoods.com.tw\/shop\/\"},{\"@type\":\"ListItem\",\"position\":3,\"name\":\"\u4e2d\u7965 \u539f\u5473\u5730\u74dc\u9165\"}]},{\"@type\":\"WebSite\",\"@id\":\"https:\/\/www.chfoods.com.tw\/cn\/#website\",\"url\":\"https:\/\/www.chfoods.com.tw\/cn\/\",\"name\":\"Chung Hsiang Foods.\",\"description\":\"Chung Hsaing Food. ph\u1ea9m \u0111\u00e3 \u0111\u01b0\u1ee3c bi\u1ebft \u0111\u1ebfn v\u1edbi m\u1ed9t lo\u1ea1t b\u00e1nh quy soda t\u1ef1 nhi\u00ean. Sau h\u01a1n 50 n\u0103m, Zhongxiang Food v\u1eabn c\u00f2n t\u1ed3n t\u1ea1i tr\u00ean th\u1ecb tr\u01b0\u1eddng v\u00e0 c\u00e1c s\u1ea3n ph\u1ea9m c\u1ee7a n\u00f3 \u0111\u01b0\u1ee3c lan truy\u1ec1n kh\u1eafp c\u1ea3 n\u01b0\u1edbc v\u00e0 n\u01b0\u1edbc ngo\u00e0i.\",\"publisher\":{\"@id\":\"https:\/\/www.chfoods.com.tw\/cn\/#organization\"},\"potentialAction\":[{\"@type\":\"SearchAction\",\"target\":{\"@type\":\"EntryPoint\",\"urlTemplate\":\"https:\/\/www.chfoods.com.tw\/cn\/?s={search_term_string}\"},\"query-input\":\"required name=search_term_string\"}],\"inLanguage\":\"vn\"},{\"@type\":\"Organization\",\"@id\":\"https:\/\/www.chfoods.com.tw\/cn\/#organization\",\"name\":\"Chung Hsiang Foods.\",\"url\":\"https:\/\/www.chfoods.com.tw\/cn\/\",\"logo\":{\"@type\":\"ImageObject\",\"inLanguage\":\"vn\",\"@id\":\"https:\/\/www.chfoods.com.tw\/cn\/#\/schema\/logo\/image\/\",\"url\":\"https:\/\/www.chfoods.com.tw\/wp-content\/uploads\/2019\/02\/logo_wf_170.png\",\"contentUrl\":\"https:\/\/www.chfoods.com.tw\/wp-content\/uploads\/2019\/02\/logo_wf_170.png\",\"width\":170,\"height\":55,\"caption\":\"Chung Hsiang Foods.\"},\"image\":{\"@id\":\"https:\/\/www.chfoods.com.tw\/cn\/#\/schema\/logo\/image\/\"}}]}<\/script>\n<!-- \/ Yoast SEO plugin. -->","yoast_head_json":{"title":"Khoai lang gi\u00f2n nguy\u00ean b\u1ea3n | Chung Hsiang Foods.","description":"\u4e2d\u7965\u539f\u5473\u5730\u74dc\u9165\uff0c\u53f0\u6e7e\u4f20\u7edf\u53e4\u65e9\u5473\u997c\u5e72\uff0c\u4e25\u9009\u53f0\u519c57\u53f7\u5730\u74dc\uff0c\u5403\u8d77\u6765\u9165\u8106\u723d\u53e3\uff0c\u7f8e\u5473\u53c8\u597d\u5403\u3002","robots":{"index":"index","follow":"follow","max-snippet":"max-snippet:-1","max-image-preview":"max-image-preview:large","max-video-preview":"max-video-preview:-1"},"canonical":"https:\/\/www.chfoods.com.tw\/cn\/product\/\u4e2d\u7965-\u539f\u5473\u5730\u74dc\u9165\/","og_locale":"en_US","og_type":"article","og_title":"Khoai lang gi\u00f2n nguy\u00ean b\u1ea3n | Chung Hsiang Foods.","og_description":"\u4e2d\u7965\u539f\u5473\u5730\u74dc\u9165\uff0c\u53f0\u6e7e\u4f20\u7edf\u53e4\u65e9\u5473\u997c\u5e72\uff0c\u4e25\u9009\u53f0\u519c57\u53f7\u5730\u74dc\uff0c\u5403\u8d77\u6765\u9165\u8106\u723d\u53e3\uff0c\u7f8e\u5473\u53c8\u597d\u5403\u3002","og_url":"https:\/\/www.chfoods.com.tw\/cn\/product\/\u4e2d\u7965-\u539f\u5473\u5730\u74dc\u9165\/","og_site_name":"Chung Hsiang Foods.","article_modified_time":"2023-03-31T02:12:07+00:00","og_image":[{"width":500,"height":500,"url":"https:\/\/www.chfoods.com.tw\/wp-content\/uploads\/2022\/06\/\u539f\u5473\u5730\u74dc\u9165-500.jpg","type":"image\/jpeg"}],"twitter_card":"summary_large_image","twitter_misc":{"Est. reading time":"1 minute"},"schema":{"@context":"https:\/\/schema.org","@graph":[{"@type":"WebPage","@id":"https:\/\/www.chfoods.com.tw\/cn\/product\/%e4%b8%ad%e7%a5%a5-%e5%8e%9f%e5%91%b3%e5%9c%b0%e7%93%9c%e9%85%a5\/","url":"https:\/\/www.chfoods.com.tw\/cn\/product\/%e4%b8%ad%e7%a5%a5-%e5%8e%9f%e5%91%b3%e5%9c%b0%e7%93%9c%e9%85%a5\/","name":"Khoai lang gi\u00f2n nguy\u00ean b\u1ea3n | Chung Hsiang Foods.","isPartOf":{"@id":"https:\/\/www.chfoods.com.tw\/cn\/#website"},"primaryImageOfPage":{"@id":"https:\/\/www.chfoods.com.tw\/cn\/product\/%e4%b8%ad%e7%a5%a5-%e5%8e%9f%e5%91%b3%e5%9c%b0%e7%93%9c%e9%85%a5\/#primaryimage"},"image":{"@id":"https:\/\/www.chfoods.com.tw\/cn\/product\/%e4%b8%ad%e7%a5%a5-%e5%8e%9f%e5%91%b3%e5%9c%b0%e7%93%9c%e9%85%a5\/#primaryimage"},"thumbnailUrl":"https:\/\/www.chfoods.com.tw\/wp-content\/uploads\/2022\/06\/\u539f\u5473\u5730\u74dc\u9165-500.jpg","datePublished":"2022-06-08T02:39:11+00:00","dateModified":"2023-03-31T02:12:07+00:00","description":"\u4e2d\u7965\u539f\u5473\u5730\u74dc\u9165\uff0c\u53f0\u6e7e\u4f20\u7edf\u53e4\u65e9\u5473\u997c\u5e72\uff0c\u4e25\u9009\u53f0\u519c57\u53f7\u5730\u74dc\uff0c\u5403\u8d77\u6765\u9165\u8106\u723d\u53e3\uff0c\u7f8e\u5473\u53c8\u597d\u5403\u3002","breadcrumb":{"@id":"https:\/\/www.chfoods.com.tw\/cn\/product\/%e4%b8%ad%e7%a5%a5-%e5%8e%9f%e5%91%b3%e5%9c%b0%e7%93%9c%e9%85%a5\/#breadcrumb"},"inLanguage":"vn","potentialAction":[{"@type":"ReadAction","target":["https:\/\/www.chfoods.com.tw\/cn\/product\/%e4%b8%ad%e7%a5%a5-%e5%8e%9f%e5%91%b3%e5%9c%b0%e7%93%9c%e9%85%a5\/"]}]},{"@type":"ImageObject","inLanguage":"vn","@id":"https:\/\/www.chfoods.com.tw\/cn\/product\/%e4%b8%ad%e7%a5%a5-%e5%8e%9f%e5%91%b3%e5%9c%b0%e7%93%9c%e9%85%a5\/#primaryimage","url":"https:\/\/www.chfoods.com.tw\/wp-content\/uploads\/2022\/06\/\u539f\u5473\u5730\u74dc\u9165-500.jpg","contentUrl":"https:\/\/www.chfoods.com.tw\/wp-content\/uploads\/2022\/06\/\u539f\u5473\u5730\u74dc\u9165-500.jpg","width":500,"height":500},{"@type":"BreadcrumbList","@id":"https:\/\/www.chfoods.com.tw\/cn\/product\/%e4%b8%ad%e7%a5%a5-%e5%8e%9f%e5%91%b3%e5%9c%b0%e7%93%9c%e9%85%a5\/#breadcrumb","itemListElement":[{"@type":"ListItem","position":1,"name":"\u9996\u9801","item":"https:\/\/www.chfoods.com.tw\/"},{"@type":"ListItem","position":2,"name":"\u54c1\u724c\u5546\u54c1","item":"https:\/\/www.chfoods.com.tw\/shop\/"},{"@type":"ListItem","position":3,"name":"\u4e2d\u7965 \u539f\u5473\u5730\u74dc\u9165"}]},{"@type":"WebSite","@id":"https:\/\/www.chfoods.com.tw\/cn\/#website","url":"https:\/\/www.chfoods.com.tw\/cn\/","name":"Chung Hsiang Foods.","description":"Chung Hsaing Food. ph\u1ea9m \u0111\u00e3 \u0111\u01b0\u1ee3c bi\u1ebft \u0111\u1ebfn v\u1edbi m\u1ed9t lo\u1ea1t b\u00e1nh quy soda t\u1ef1 nhi\u00ean. Sau h\u01a1n 50 n\u0103m, Zhongxiang Food v\u1eabn c\u00f2n t\u1ed3n t\u1ea1i tr\u00ean th\u1ecb tr\u01b0\u1eddng v\u00e0 c\u00e1c s\u1ea3n ph\u1ea9m c\u1ee7a n\u00f3 \u0111\u01b0\u1ee3c lan truy\u1ec1n kh\u1eafp c\u1ea3 n\u01b0\u1edbc v\u00e0 n\u01b0\u1edbc ngo\u00e0i.","publisher":{"@id":"https:\/\/www.chfoods.com.tw\/cn\/#organization"},"potentialAction":[{"@type":"SearchAction","target":{"@type":"EntryPoint","urlTemplate":"https:\/\/www.chfoods.com.tw\/cn\/?s={search_term_string}"},"query-input":"required name=search_term_string"}],"inLanguage":"vn"},{"@type":"Organization","@id":"https:\/\/www.chfoods.com.tw\/cn\/#organization","name":"Chung Hsiang Foods.","url":"https:\/\/www.chfoods.com.tw\/cn\/","logo":{"@type":"ImageObject","inLanguage":"vn","@id":"https:\/\/www.chfoods.com.tw\/cn\/#\/schema\/logo\/image\/","url":"https:\/\/www.chfoods.com.tw\/wp-content\/uploads\/2019\/02\/logo_wf_170.png","contentUrl":"https:\/\/www.chfoods.com.tw\/wp-content\/uploads\/2019\/02\/logo_wf_170.png","width":170,"height":55,"caption":"Chung Hsiang Foods."},"image":{"@id":"https:\/\/www.chfoods.com.tw\/cn\/#\/schema\/logo\/image\/"}}]}},"_links":{"self":[{"href":"https:\/\/www.chfoods.com.tw\/vn\/wp-json\/wp\/v2\/product\/11662","targetHints":{"allow":["GET"]}}],"collection":[{"href":"https:\/\/www.chfoods.com.tw\/vn\/wp-json\/wp\/v2\/product"}],"about":[{"href":"https:\/\/www.chfoods.com.tw\/vn\/wp-json\/wp\/v2\/types\/product"}],"wp:featuredmedia":[{"embeddable":true,"href":"https:\/\/www.chfoods.com.tw\/vn\/wp-json\/wp\/v2\/media\/11665"}],"wp:attachment":[{"href":"https:\/\/www.chfoods.com.tw\/vn\/wp-json\/wp\/v2\/media?parent=11662"}],"curies":[{"name":"wp","href":"https:\/\/api.w.org\/{rel}","templated":true}]}}