{"id":11237,"date":"2020-07-22T14:30:38","date_gmt":"2020-07-22T06:30:38","guid":{"rendered":"https:\/\/www.chfoods.com.tw\/?post_type=product&#038;p=11237"},"modified":"2023-12-18T16:50:45","modified_gmt":"2023-12-18T08:50:45","slug":"%e6%aa%b8%e6%aa%ac%e5%a4%be%e5%bf%83%e9%a4%85%e4%b9%be","status":"publish","type":"product","link":"https:\/\/www.chfoods.com.tw\/vn\/product\/%e6%aa%b8%e6%aa%ac%e5%a4%be%e5%bf%83%e9%a4%85%e4%b9%be\/","title":{"rendered":"\u4e2d\u7965 \u6ab8\u6aac\u593e\u5fc3\u8607\u6253\u9905\u4e7e"},"content":{"rendered":"<p class=\"qtranxs-available-languages-message qtranxs-available-languages-message-vn\">Xin l\u1ed7i, n\u1ed9i dung n\u00e0y ch\u1ec9 \u00e1p d\u1ee5ng cho<a href=\"https:\/\/www.chfoods.com.tw\/zh\/wp-json\/wp\/v2\/product\/11237\" class=\"qtranxs-available-language-link qtranxs-available-language-link-zh\" title=\"\u7e41\u9ad4\u4e2d\u6587\">\u7e41\u9ad4\u4e2d\u6587<\/a>\uff0c<a href=\"https:\/\/www.chfoods.com.tw\/cn\/wp-json\/wp\/v2\/product\/11237\" class=\"qtranxs-available-language-link qtranxs-available-language-link-cn\" title=\"\u7b80\u4f53\u4e2d\u6587\">\u7b80\u4f53\u4e2d\u6587<\/a>\uff0c<a href=\"https:\/\/www.chfoods.com.tw\/en\/wp-json\/wp\/v2\/product\/11237\" class=\"qtranxs-available-language-link qtranxs-available-language-link-en\" title=\"English\">English<\/a>\uff0c<a href=\"https:\/\/www.chfoods.com.tw\/kr\/wp-json\/wp\/v2\/product\/11237\" class=\"qtranxs-available-language-link qtranxs-available-language-link-kr\" title=\"\ud55c\uad6d\uc5b4\">\ud55c\uad6d\uc5b4<\/a>v\u00e0<a href=\"https:\/\/www.chfoods.com.tw\/jp\/wp-json\/wp\/v2\/product\/11237\" class=\"qtranxs-available-language-link qtranxs-available-language-link-jp\" title=\"\u65e5\u672c\u8a9e\">\u65e5\u672c\u8a9e<\/a>\u3002<\/p>","protected":false},"excerpt":{"rendered":"<p class=\"qtranxs-available-languages-message qtranxs-available-languages-message-vn\">Xin l\u1ed7i, n\u1ed9i dung n\u00e0y ch\u1ec9 \u00e1p d\u1ee5ng cho<a href=\"https:\/\/www.chfoods.com.tw\/zh\/wp-json\/wp\/v2\/product\/11237\" class=\"qtranxs-available-language-link qtranxs-available-language-link-zh\" title=\"\u7e41\u9ad4\u4e2d\u6587\">\u7e41\u9ad4\u4e2d\u6587<\/a>\uff0c<a href=\"https:\/\/www.chfoods.com.tw\/cn\/wp-json\/wp\/v2\/product\/11237\" class=\"qtranxs-available-language-link qtranxs-available-language-link-cn\" title=\"\u7b80\u4f53\u4e2d\u6587\">\u7b80\u4f53\u4e2d\u6587<\/a>\uff0c<a href=\"https:\/\/www.chfoods.com.tw\/en\/wp-json\/wp\/v2\/product\/11237\" class=\"qtranxs-available-language-link qtranxs-available-language-link-en\" title=\"English\">English<\/a>\uff0c<a href=\"https:\/\/www.chfoods.com.tw\/kr\/wp-json\/wp\/v2\/product\/11237\" class=\"qtranxs-available-language-link qtranxs-available-language-link-kr\" title=\"\ud55c\uad6d\uc5b4\">\ud55c\uad6d\uc5b4<\/a>v\u00e0<a href=\"https:\/\/www.chfoods.com.tw\/jp\/wp-json\/wp\/v2\/product\/11237\" class=\"qtranxs-available-language-link qtranxs-available-language-link-jp\" title=\"\u65e5\u672c\u8a9e\">\u65e5\u672c\u8a9e<\/a>\u3002<\/p>\n","protected":false},"featured_media":11239,"template":"","meta":[],"class_list":["post-11237","product","type-product","status-publish","has-post-thumbnail","hentry","product_cat-chfoods","product_tag-224"],"yoast_head":"<!-- This site is optimized with the Yoast SEO plugin v22.6 - https:\/\/yoast.com\/wordpress\/plugins\/seo\/ -->\n<title>\u4e2d\u7965 \u6ab8\u6aac\u593e\u5fc3\u8607\u6253\u9905\u4e7e | Chung Hsiang Foods.<\/title>\n<meta name=\"description\" content=\"\u6700\u597d\u5403\u7684\u6ab8\u6aac\u593e\u5fc3\u9905\u4e7e\u63a8\u85a6\uff0c\u5916\u5c64\u6709\u8457\u9165\u8106\u8207\u5c0f\u9ea5\u9999\u6c23\u7684\u9905\u9ad4\uff0c\u9999\u6fc3\u6ed1\u53e3\u7684\u6ab8\u6aac\u593e\u5fc3\u5167\u9921\u98fd\u6eff\uff0c\u6e05\u65b0\u723d\u53e3\uff0c\u9178\u88cf\u5e36\u751c\u7684\u6ecb\u5473\u4e0d\u540c\u65bc\u4ee5\u5f80\u7684\u53e3\u611f\uff01\" \/>\n<meta name=\"robots\" content=\"index, follow, max-snippet:-1, max-image-preview:large, max-video-preview:-1\" \/>\n<link rel=\"canonical\" href=\"https:\/\/www.chfoods.com.tw\/product\/\u6ab8\u6aac\u593e\u5fc3\u9905\u4e7e\/\" \/>\n<meta property=\"og:locale\" content=\"en_US\" \/>\n<meta property=\"og:type\" content=\"article\" \/>\n<meta property=\"og:title\" content=\"\u4e2d\u7965 \u6ab8\u6aac\u593e\u5fc3\u8607\u6253\u9905\u4e7e | Chung Hsiang Foods.\" \/>\n<meta property=\"og:description\" content=\"{:zh}\u6700\u597d\u5403\u7684\u6ab8\u6aac\u593e\u5fc3\u9905\u4e7e\u63a8\u85a6\uff0c\u5916\u5c64\u6709\u8457\u9165\u8106\u8207\u5c0f\u9ea5\u9999\u6c23\u7684\u9905\u9ad4\uff0c\u9999\u6fc3\u6ed1\u53e3\u7684\u6ab8\u6aac\u593e\u5fc3\u5167\u9921\u98fd\u6eff\uff0c\u6e05\u65b0\u723d\u53e3\uff0c\u9178\u88cf\u5e36\u751c\u7684\u6ecb\u5473\u4e0d\u540c\u65bc\u4ee5\u5f80\u7684\u53e3\u611f\uff01{:jp}\u6700\u3082\u7f8e\u5473\u3057\u3044\u30ec\u30e2\u30f3\u30b5\u30f3\u30c9\u30a4\u30c3\u30c1\u30d3\u30b9\u30b1\u30c3\u30c8\u306f\u3001\u5916\u5074\u306e\u30d3\u30b9\u30b1\u30c3\u30c8\u304c\u30ab\u30ea\u30ab\u30ea\u3068\u5c0f\u9ea6\u306e\u9999\u308a\u304c\u3059\u308b\u3001\u4e2d\u8eab\u306e\u6fc3\u539a\u306a\u30ec\u30e2\u30f3\u9921\u304c\u3075\u3063\u304f\u3089\u3057\u3066\u3044\u3066\u3001\u3055\u3063\u3071\u308a\u3068\u3057\u3066\u3044\u3066\u3001\u9178\u5473\u306e\u4e2d\u306b\u3001\u7518\u3044\u5473\u304c\u3042\u308b\u306e\u306f\u4ee5\u524d\u306e\u723d\u3084\u304b\u306a\u98df\u611f\u3068\u306f\u9055\u3044\u307e\u3059\u3002{:}\" \/>\n<meta property=\"og:url\" content=\"https:\/\/www.chfoods.com.tw\/product\/\u6ab8\u6aac\u593e\u5fc3\u9905\u4e7e\/\" \/>\n<meta property=\"og:site_name\" content=\"Chung Hsiang Foods.\" \/>\n<meta property=\"article:modified_time\" content=\"2023-12-18T08:50:45+00:00\" \/>\n<meta property=\"og:image\" content=\"https:\/\/www.chfoods.com.tw\/wp-content\/uploads\/2020\/07\/142101-1-500X500.jpg\" \/>\n\t<meta property=\"og:image:width\" content=\"500\" \/>\n\t<meta property=\"og:image:height\" content=\"500\" \/>\n\t<meta property=\"og:image:type\" content=\"image\/jpeg\" \/>\n<meta name=\"twitter:card\" content=\"summary_large_image\" \/>\n<meta name=\"twitter:label1\" content=\"Est. reading time\" \/>\n\t<meta name=\"twitter:data1\" content=\"1 minute\" \/>\n<script type=\"application\/ld+json\" class=\"yoast-schema-graph\">{\"@context\":\"https:\/\/schema.org\",\"@graph\":[{\"@type\":\"WebPage\",\"@id\":\"https:\/\/www.chfoods.com.tw\/product\/%e6%aa%b8%e6%aa%ac%e5%a4%be%e5%bf%83%e9%a4%85%e4%b9%be\/\",\"url\":\"https:\/\/www.chfoods.com.tw\/product\/%e6%aa%b8%e6%aa%ac%e5%a4%be%e5%bf%83%e9%a4%85%e4%b9%be\/\",\"name\":\"\u4e2d\u7965 \u6ab8\u6aac\u593e\u5fc3\u8607\u6253\u9905\u4e7e | Chung Hsiang Foods.\",\"isPartOf\":{\"@id\":\"https:\/\/www.chfoods.com.tw\/cn\/#website\"},\"primaryImageOfPage\":{\"@id\":\"https:\/\/www.chfoods.com.tw\/product\/%e6%aa%b8%e6%aa%ac%e5%a4%be%e5%bf%83%e9%a4%85%e4%b9%be\/#primaryimage\"},\"image\":{\"@id\":\"https:\/\/www.chfoods.com.tw\/product\/%e6%aa%b8%e6%aa%ac%e5%a4%be%e5%bf%83%e9%a4%85%e4%b9%be\/#primaryimage\"},\"thumbnailUrl\":\"https:\/\/www.chfoods.com.tw\/wp-content\/uploads\/2020\/07\/142101-1-500X500.jpg\",\"datePublished\":\"2020-07-22T06:30:38+00:00\",\"dateModified\":\"2023-12-18T08:50:45+00:00\",\"description\":\"{:zh}\u6700\u597d\u5403\u7684\u6ab8\u6aac\u593e\u5fc3\u9905\u4e7e\u63a8\u85a6\uff0c\u5916\u5c64\u6709\u8457\u9165\u8106\u8207\u5c0f\u9ea5\u9999\u6c23\u7684\u9905\u9ad4\uff0c\u9999\u6fc3\u6ed1\u53e3\u7684\u6ab8\u6aac\u593e\u5fc3\u5167\u9921\u98fd\u6eff\uff0c\u6e05\u65b0\u723d\u53e3\uff0c\u9178\u88cf\u5e36\u751c\u7684\u6ecb\u5473\u4e0d\u540c\u65bc\u4ee5\u5f80\u7684\u53e3\u611f\uff01{:jp}\u6700\u3082\u7f8e\u5473\u3057\u3044\u30ec\u30e2\u30f3\u30b5\u30f3\u30c9\u30a4\u30c3\u30c1\u30d3\u30b9\u30b1\u30c3\u30c8\u306f\u3001\u5916\u5074\u306e\u30d3\u30b9\u30b1\u30c3\u30c8\u304c\u30ab\u30ea\u30ab\u30ea\u3068\u5c0f\u9ea6\u306e\u9999\u308a\u304c\u3059\u308b\u3001\u4e2d\u8eab\u306e\u6fc3\u539a\u306a\u30ec\u30e2\u30f3\u9921\u304c\u3075\u3063\u304f\u3089\u3057\u3066\u3044\u3066\u3001\u3055\u3063\u3071\u308a\u3068\u3057\u3066\u3044\u3066\u3001\u9178\u5473\u306e\u4e2d\u306b\u3001\u7518\u3044\u5473\u304c\u3042\u308b\u306e\u306f\u4ee5\u524d\u306e\u723d\u3084\u304b\u306a\u98df\u611f\u3068\u306f\u9055\u3044\u307e\u3059\u3002{:}\",\"breadcrumb\":{\"@id\":\"https:\/\/www.chfoods.com.tw\/product\/%e6%aa%b8%e6%aa%ac%e5%a4%be%e5%bf%83%e9%a4%85%e4%b9%be\/#breadcrumb\"},\"inLanguage\":\"vn\",\"potentialAction\":[{\"@type\":\"ReadAction\",\"target\":[\"https:\/\/www.chfoods.com.tw\/product\/%e6%aa%b8%e6%aa%ac%e5%a4%be%e5%bf%83%e9%a4%85%e4%b9%be\/\"]}]},{\"@type\":\"ImageObject\",\"inLanguage\":\"vn\",\"@id\":\"https:\/\/www.chfoods.com.tw\/product\/%e6%aa%b8%e6%aa%ac%e5%a4%be%e5%bf%83%e9%a4%85%e4%b9%be\/#primaryimage\",\"url\":\"https:\/\/www.chfoods.com.tw\/wp-content\/uploads\/2020\/07\/142101-1-500X500.jpg\",\"contentUrl\":\"https:\/\/www.chfoods.com.tw\/wp-content\/uploads\/2020\/07\/142101-1-500X500.jpg\",\"width\":500,\"height\":500},{\"@type\":\"BreadcrumbList\",\"@id\":\"https:\/\/www.chfoods.com.tw\/product\/%e6%aa%b8%e6%aa%ac%e5%a4%be%e5%bf%83%e9%a4%85%e4%b9%be\/#breadcrumb\",\"itemListElement\":[{\"@type\":\"ListItem\",\"position\":1,\"name\":\"\u9996\u9801\",\"item\":\"https:\/\/www.chfoods.com.tw\/\"},{\"@type\":\"ListItem\",\"position\":2,\"name\":\"\u54c1\u724c\u5546\u54c1\",\"item\":\"https:\/\/www.chfoods.com.tw\/shop\/\"},{\"@type\":\"ListItem\",\"position\":3,\"name\":\"\u4e2d\u7965 \u6ab8\u6aac\u593e\u5fc3\u8607\u6253\u9905\u4e7e\"}]},{\"@type\":\"WebSite\",\"@id\":\"https:\/\/www.chfoods.com.tw\/cn\/#website\",\"url\":\"https:\/\/www.chfoods.com.tw\/cn\/\",\"name\":\"Chung Hsiang Foods.\",\"description\":\"Chung Hsaing Food. ph\u1ea9m \u0111\u00e3 \u0111\u01b0\u1ee3c bi\u1ebft \u0111\u1ebfn v\u1edbi m\u1ed9t lo\u1ea1t b\u00e1nh quy soda t\u1ef1 nhi\u00ean. Sau h\u01a1n 50 n\u0103m, Zhongxiang Food v\u1eabn c\u00f2n t\u1ed3n t\u1ea1i tr\u00ean th\u1ecb tr\u01b0\u1eddng v\u00e0 c\u00e1c s\u1ea3n ph\u1ea9m c\u1ee7a n\u00f3 \u0111\u01b0\u1ee3c lan truy\u1ec1n kh\u1eafp c\u1ea3 n\u01b0\u1edbc v\u00e0 n\u01b0\u1edbc ngo\u00e0i.\",\"publisher\":{\"@id\":\"https:\/\/www.chfoods.com.tw\/cn\/#organization\"},\"potentialAction\":[{\"@type\":\"SearchAction\",\"target\":{\"@type\":\"EntryPoint\",\"urlTemplate\":\"https:\/\/www.chfoods.com.tw\/cn\/?s={search_term_string}\"},\"query-input\":\"required name=search_term_string\"}],\"inLanguage\":\"vn\"},{\"@type\":\"Organization\",\"@id\":\"https:\/\/www.chfoods.com.tw\/cn\/#organization\",\"name\":\"Chung Hsiang Foods.\",\"url\":\"https:\/\/www.chfoods.com.tw\/cn\/\",\"logo\":{\"@type\":\"ImageObject\",\"inLanguage\":\"vn\",\"@id\":\"https:\/\/www.chfoods.com.tw\/cn\/#\/schema\/logo\/image\/\",\"url\":\"https:\/\/www.chfoods.com.tw\/wp-content\/uploads\/2019\/02\/logo_wf_170.png\",\"contentUrl\":\"https:\/\/www.chfoods.com.tw\/wp-content\/uploads\/2019\/02\/logo_wf_170.png\",\"width\":170,\"height\":55,\"caption\":\"Chung Hsiang Foods.\"},\"image\":{\"@id\":\"https:\/\/www.chfoods.com.tw\/cn\/#\/schema\/logo\/image\/\"}}]}<\/script>\n<!-- \/ Yoast SEO plugin. -->","yoast_head_json":{"title":"\u4e2d\u7965 \u6ab8\u6aac\u593e\u5fc3\u8607\u6253\u9905\u4e7e | Chung Hsiang Foods.","description":"\u6700\u597d\u5403\u7684\u6ab8\u6aac\u593e\u5fc3\u9905\u4e7e\u63a8\u85a6\uff0c\u5916\u5c64\u6709\u8457\u9165\u8106\u8207\u5c0f\u9ea5\u9999\u6c23\u7684\u9905\u9ad4\uff0c\u9999\u6fc3\u6ed1\u53e3\u7684\u6ab8\u6aac\u593e\u5fc3\u5167\u9921\u98fd\u6eff\uff0c\u6e05\u65b0\u723d\u53e3\uff0c\u9178\u88cf\u5e36\u751c\u7684\u6ecb\u5473\u4e0d\u540c\u65bc\u4ee5\u5f80\u7684\u53e3\u611f\uff01","robots":{"index":"index","follow":"follow","max-snippet":"max-snippet:-1","max-image-preview":"max-image-preview:large","max-video-preview":"max-video-preview:-1"},"canonical":"https:\/\/www.chfoods.com.tw\/product\/\u6ab8\u6aac\u593e\u5fc3\u9905\u4e7e\/","og_locale":"en_US","og_type":"article","og_title":"\u4e2d\u7965 \u6ab8\u6aac\u593e\u5fc3\u8607\u6253\u9905\u4e7e | Chung Hsiang Foods.","og_description":"{:zh}\u6700\u597d\u5403\u7684\u6ab8\u6aac\u593e\u5fc3\u9905\u4e7e\u63a8\u85a6\uff0c\u5916\u5c64\u6709\u8457\u9165\u8106\u8207\u5c0f\u9ea5\u9999\u6c23\u7684\u9905\u9ad4\uff0c\u9999\u6fc3\u6ed1\u53e3\u7684\u6ab8\u6aac\u593e\u5fc3\u5167\u9921\u98fd\u6eff\uff0c\u6e05\u65b0\u723d\u53e3\uff0c\u9178\u88cf\u5e36\u751c\u7684\u6ecb\u5473\u4e0d\u540c\u65bc\u4ee5\u5f80\u7684\u53e3\u611f\uff01{:jp}\u6700\u3082\u7f8e\u5473\u3057\u3044\u30ec\u30e2\u30f3\u30b5\u30f3\u30c9\u30a4\u30c3\u30c1\u30d3\u30b9\u30b1\u30c3\u30c8\u306f\u3001\u5916\u5074\u306e\u30d3\u30b9\u30b1\u30c3\u30c8\u304c\u30ab\u30ea\u30ab\u30ea\u3068\u5c0f\u9ea6\u306e\u9999\u308a\u304c\u3059\u308b\u3001\u4e2d\u8eab\u306e\u6fc3\u539a\u306a\u30ec\u30e2\u30f3\u9921\u304c\u3075\u3063\u304f\u3089\u3057\u3066\u3044\u3066\u3001\u3055\u3063\u3071\u308a\u3068\u3057\u3066\u3044\u3066\u3001\u9178\u5473\u306e\u4e2d\u306b\u3001\u7518\u3044\u5473\u304c\u3042\u308b\u306e\u306f\u4ee5\u524d\u306e\u723d\u3084\u304b\u306a\u98df\u611f\u3068\u306f\u9055\u3044\u307e\u3059\u3002{:}","og_url":"https:\/\/www.chfoods.com.tw\/product\/\u6ab8\u6aac\u593e\u5fc3\u9905\u4e7e\/","og_site_name":"Chung Hsiang Foods.","article_modified_time":"2023-12-18T08:50:45+00:00","og_image":[{"width":500,"height":500,"url":"https:\/\/www.chfoods.com.tw\/wp-content\/uploads\/2020\/07\/142101-1-500X500.jpg","type":"image\/jpeg"}],"twitter_card":"summary_large_image","twitter_misc":{"Est. reading time":"1 minute"},"schema":{"@context":"https:\/\/schema.org","@graph":[{"@type":"WebPage","@id":"https:\/\/www.chfoods.com.tw\/product\/%e6%aa%b8%e6%aa%ac%e5%a4%be%e5%bf%83%e9%a4%85%e4%b9%be\/","url":"https:\/\/www.chfoods.com.tw\/product\/%e6%aa%b8%e6%aa%ac%e5%a4%be%e5%bf%83%e9%a4%85%e4%b9%be\/","name":"\u4e2d\u7965 \u6ab8\u6aac\u593e\u5fc3\u8607\u6253\u9905\u4e7e | Chung Hsiang Foods.","isPartOf":{"@id":"https:\/\/www.chfoods.com.tw\/cn\/#website"},"primaryImageOfPage":{"@id":"https:\/\/www.chfoods.com.tw\/product\/%e6%aa%b8%e6%aa%ac%e5%a4%be%e5%bf%83%e9%a4%85%e4%b9%be\/#primaryimage"},"image":{"@id":"https:\/\/www.chfoods.com.tw\/product\/%e6%aa%b8%e6%aa%ac%e5%a4%be%e5%bf%83%e9%a4%85%e4%b9%be\/#primaryimage"},"thumbnailUrl":"https:\/\/www.chfoods.com.tw\/wp-content\/uploads\/2020\/07\/142101-1-500X500.jpg","datePublished":"2020-07-22T06:30:38+00:00","dateModified":"2023-12-18T08:50:45+00:00","description":"{:zh}\u6700\u597d\u5403\u7684\u6ab8\u6aac\u593e\u5fc3\u9905\u4e7e\u63a8\u85a6\uff0c\u5916\u5c64\u6709\u8457\u9165\u8106\u8207\u5c0f\u9ea5\u9999\u6c23\u7684\u9905\u9ad4\uff0c\u9999\u6fc3\u6ed1\u53e3\u7684\u6ab8\u6aac\u593e\u5fc3\u5167\u9921\u98fd\u6eff\uff0c\u6e05\u65b0\u723d\u53e3\uff0c\u9178\u88cf\u5e36\u751c\u7684\u6ecb\u5473\u4e0d\u540c\u65bc\u4ee5\u5f80\u7684\u53e3\u611f\uff01{:jp}\u6700\u3082\u7f8e\u5473\u3057\u3044\u30ec\u30e2\u30f3\u30b5\u30f3\u30c9\u30a4\u30c3\u30c1\u30d3\u30b9\u30b1\u30c3\u30c8\u306f\u3001\u5916\u5074\u306e\u30d3\u30b9\u30b1\u30c3\u30c8\u304c\u30ab\u30ea\u30ab\u30ea\u3068\u5c0f\u9ea6\u306e\u9999\u308a\u304c\u3059\u308b\u3001\u4e2d\u8eab\u306e\u6fc3\u539a\u306a\u30ec\u30e2\u30f3\u9921\u304c\u3075\u3063\u304f\u3089\u3057\u3066\u3044\u3066\u3001\u3055\u3063\u3071\u308a\u3068\u3057\u3066\u3044\u3066\u3001\u9178\u5473\u306e\u4e2d\u306b\u3001\u7518\u3044\u5473\u304c\u3042\u308b\u306e\u306f\u4ee5\u524d\u306e\u723d\u3084\u304b\u306a\u98df\u611f\u3068\u306f\u9055\u3044\u307e\u3059\u3002{:}","breadcrumb":{"@id":"https:\/\/www.chfoods.com.tw\/product\/%e6%aa%b8%e6%aa%ac%e5%a4%be%e5%bf%83%e9%a4%85%e4%b9%be\/#breadcrumb"},"inLanguage":"vn","potentialAction":[{"@type":"ReadAction","target":["https:\/\/www.chfoods.com.tw\/product\/%e6%aa%b8%e6%aa%ac%e5%a4%be%e5%bf%83%e9%a4%85%e4%b9%be\/"]}]},{"@type":"ImageObject","inLanguage":"vn","@id":"https:\/\/www.chfoods.com.tw\/product\/%e6%aa%b8%e6%aa%ac%e5%a4%be%e5%bf%83%e9%a4%85%e4%b9%be\/#primaryimage","url":"https:\/\/www.chfoods.com.tw\/wp-content\/uploads\/2020\/07\/142101-1-500X500.jpg","contentUrl":"https:\/\/www.chfoods.com.tw\/wp-content\/uploads\/2020\/07\/142101-1-500X500.jpg","width":500,"height":500},{"@type":"BreadcrumbList","@id":"https:\/\/www.chfoods.com.tw\/product\/%e6%aa%b8%e6%aa%ac%e5%a4%be%e5%bf%83%e9%a4%85%e4%b9%be\/#breadcrumb","itemListElement":[{"@type":"ListItem","position":1,"name":"\u9996\u9801","item":"https:\/\/www.chfoods.com.tw\/"},{"@type":"ListItem","position":2,"name":"\u54c1\u724c\u5546\u54c1","item":"https:\/\/www.chfoods.com.tw\/shop\/"},{"@type":"ListItem","position":3,"name":"\u4e2d\u7965 \u6ab8\u6aac\u593e\u5fc3\u8607\u6253\u9905\u4e7e"}]},{"@type":"WebSite","@id":"https:\/\/www.chfoods.com.tw\/cn\/#website","url":"https:\/\/www.chfoods.com.tw\/cn\/","name":"Chung Hsiang Foods.","description":"Chung Hsaing Food. ph\u1ea9m \u0111\u00e3 \u0111\u01b0\u1ee3c bi\u1ebft \u0111\u1ebfn v\u1edbi m\u1ed9t lo\u1ea1t b\u00e1nh quy soda t\u1ef1 nhi\u00ean. Sau h\u01a1n 50 n\u0103m, Zhongxiang Food v\u1eabn c\u00f2n t\u1ed3n t\u1ea1i tr\u00ean th\u1ecb tr\u01b0\u1eddng v\u00e0 c\u00e1c s\u1ea3n ph\u1ea9m c\u1ee7a n\u00f3 \u0111\u01b0\u1ee3c lan truy\u1ec1n kh\u1eafp c\u1ea3 n\u01b0\u1edbc v\u00e0 n\u01b0\u1edbc ngo\u00e0i.","publisher":{"@id":"https:\/\/www.chfoods.com.tw\/cn\/#organization"},"potentialAction":[{"@type":"SearchAction","target":{"@type":"EntryPoint","urlTemplate":"https:\/\/www.chfoods.com.tw\/cn\/?s={search_term_string}"},"query-input":"required name=search_term_string"}],"inLanguage":"vn"},{"@type":"Organization","@id":"https:\/\/www.chfoods.com.tw\/cn\/#organization","name":"Chung Hsiang Foods.","url":"https:\/\/www.chfoods.com.tw\/cn\/","logo":{"@type":"ImageObject","inLanguage":"vn","@id":"https:\/\/www.chfoods.com.tw\/cn\/#\/schema\/logo\/image\/","url":"https:\/\/www.chfoods.com.tw\/wp-content\/uploads\/2019\/02\/logo_wf_170.png","contentUrl":"https:\/\/www.chfoods.com.tw\/wp-content\/uploads\/2019\/02\/logo_wf_170.png","width":170,"height":55,"caption":"Chung Hsiang Foods."},"image":{"@id":"https:\/\/www.chfoods.com.tw\/cn\/#\/schema\/logo\/image\/"}}]}},"_links":{"self":[{"href":"https:\/\/www.chfoods.com.tw\/vn\/wp-json\/wp\/v2\/product\/11237","targetHints":{"allow":["GET"]}}],"collection":[{"href":"https:\/\/www.chfoods.com.tw\/vn\/wp-json\/wp\/v2\/product"}],"about":[{"href":"https:\/\/www.chfoods.com.tw\/vn\/wp-json\/wp\/v2\/types\/product"}],"wp:featuredmedia":[{"embeddable":true,"href":"https:\/\/www.chfoods.com.tw\/vn\/wp-json\/wp\/v2\/media\/11239"}],"wp:attachment":[{"href":"https:\/\/www.chfoods.com.tw\/vn\/wp-json\/wp\/v2\/media?parent=11237"}],"curies":[{"name":"wp","href":"https:\/\/api.w.org\/{rel}","templated":true}]}}