{"id":7210,"date":"2018-06-02T07:25:43","date_gmt":"2018-06-02T07:25:43","guid":{"rendered":"http:\/\/themes.radiantthemes.com\/unbound-datadump\/?page_id=7210"},"modified":"2023-04-12T10:49:40","modified_gmt":"2023-04-12T02:49:40","slug":"contact","status":"publish","type":"page","link":"https:\/\/www.chfoods.com.tw\/vn\/contact\/","title":{"rendered":"Li\u00ean H\u00ea\u0323 V\u01a1\u0301i Chu\u0301ng T\u00f4i"},"content":{"rendered":"<p><\/p>\n<p>[vc_row equal_height=&#8221;yes&#8221; css_animation=&#8221;none&#8221; css=&#8221;.vc_custom_1528097024785{margin-top: 0px !important;margin-right: 0px !important;margin-bottom: 0px !important;margin-left: 0px !important;padding-top: 100px !important;padding-bottom: 100px !important;}&#8221;][vc_column width=&#8221;2\/3&#8243; css=&#8221;.vc_custom_1527928121886{margin-top: 0px !important;margin-bottom: 0px !important;border-top-width: 1px !important;border-bottom-width: 1px !important;border-left-width: 1px !important;padding-top: 48px !important;padding-right: 46px !important;padding-bottom: 70px !important;padding-left: 46px !important;background-color: #ffffff !important;border-left-color: #e6e5e5 !important;border-left-style: solid !important;border-top-color: #e6e5e5 !important;border-top-style: solid !important;border-bottom-color: #e6e5e5 !important;border-bottom-style: solid !important;}&#8221; el_class=&#8221;box-shadow-contact&#8221;][vc_custom_heading text=&#8221;Ca\u0309m \u01a1n qu\u0301y kha\u0301ch \u0111a\u0303 li\u00ean h\u00ea\u0323 v\u01a1\u0301i chu\u0301ng t\u00f4i.&#8221; font_container=&#8221;tag:h2|font_size:30px|text_align:center|line_height:60px&#8221; use_theme_fonts=&#8221;yes&#8221; css_animation=&#8221;none&#8221; css=&#8221;.vc_custom_1603702716493{margin-top: 4px !important;margin-bottom: 0px !important;padding-top: 0px !important;padding-bottom: 0px !important;}&#8221; el_class=&#8221;font-weight-bold&#8221;][vc_column_text css_animation=&#8221;none&#8221; css=&#8221;.vc_custom_1603702750421{margin-top: 0px !important;margin-bottom: 0px !important;padding-top: 0px !important;padding-right: 50px !important;padding-bottom: 0px !important;padding-left: 50px !important;}&#8221;]<\/p>\n<p style=\"text-align: center;\">Xin m\u01a1\u0300i \u0111\u00ea\u0309 la\u0323i l\u01a1\u0300i nh\u0103\u0301n,chu\u0301ng t\u00f4i se\u0303 h\u00f4\u0300i \u0111a\u0301p quy\u0301 kha\u0301ch trong vo\u0300ng 3 nga\u0300y la\u0300m vi\u00ea\u0323c.<\/p>\n<p>[\/vc_column_text][vc_row_inner css=&#8221;.vc_custom_1527926943748{margin-top: 0px !important;margin-bottom: 0px !important;padding-top: 34px !important;padding-bottom: 0px !important;}&#8221;][vc_column_inner]\r<!-- rt-cf7 -->\r<div class=\"radiant-contact-form rt17801be705c546e element-one \"  ><div role=\"form\" class=\"wpcf7\" id=\"wpcf7-f11358-o6\" lang=\"en-US\" dir=\"ltr\">\n<div class=\"screen-reader-response\"><\/div>\n<form action=\"\/vn\/wp-json\/wp\/v2\/pages\/7210#wpcf7-f11358-o6\" method=\"post\" class=\"wpcf7-form\" novalidate=\"novalidate\">\n<div style=\"display: none;\">\n<input type=\"hidden\" name=\"_wpcf7\" value=\"11358\" \/>\n<input type=\"hidden\" name=\"_wpcf7_version\" value=\"5.1.4\" \/>\n<input type=\"hidden\" name=\"_wpcf7_locale\" value=\"en_US\" \/>\n<input type=\"hidden\" name=\"_wpcf7_unit_tag\" value=\"wpcf7-f11358-o6\" \/>\n<input type=\"hidden\" name=\"_wpcf7_container_post\" value=\"0\" \/>\n<\/div>\n<div class=\"row\">\n<div class=\"col-lg-6 col-md-6 col-sm-12 col-xs-12\">\n<div class=\"form-row\">\n<span class=\"wpcf7-form-control-wrap text-464\"><input type=\"text\" name=\"text-464\" value=\"\" size=\"40\" class=\"wpcf7-form-control wpcf7-text wpcf7-validates-as-required\" aria-required=\"true\" aria-invalid=\"false\" placeholder=\"T\u00ean\" \/><\/span><\/p>\n<\/div>\n<\/div>\n<div class=\"col-lg-6 col-md-6 col-sm-12 col-xs-12\">\n<div class=\"form-row\">\n<span class=\"wpcf7-form-control-wrap text-465\"><input type=\"text\" name=\"text-465\" value=\"\" size=\"40\" class=\"wpcf7-form-control wpcf7-text wpcf7-validates-as-required\" aria-required=\"true\" aria-invalid=\"false\" placeholder=\"\u0110i\u0323a chi\u0309\" \/><\/span>\n<\/div>\n<\/div>\n<div class=\"col-lg-6 col-md-6 col-sm-12 col-xs-12\">\n<div class=\"form-row\">\n<span class=\"wpcf7-form-control-wrap email-536\"><input type=\"email\" name=\"email-536\" value=\"\" size=\"40\" class=\"wpcf7-form-control wpcf7-text wpcf7-email wpcf7-validates-as-email\" aria-invalid=\"false\" placeholder=\"Email\" \/><\/span>\n<\/div>\n<\/div>\n<div class=\"col-lg-6 col-md-6 col-sm-12 col-xs-12\">\n<div class=\"form-row\">\n<span class=\"wpcf7-form-control-wrap tel-159\"><input type=\"tel\" name=\"tel-159\" value=\"\" size=\"40\" class=\"wpcf7-form-control wpcf7-text wpcf7-tel wpcf7-validates-as-required wpcf7-validates-as-tel\" aria-required=\"true\" aria-invalid=\"false\" placeholder=\"\u0110i\u00ea\u0323n thoa\u0323i di \u0111\u00f4\u0323ng\" \/><\/span><\/p>\n<\/div>\n<\/div>\n<div class=\"col-lg-12 col-md-12 col-sm-12 col-xs-12\">\n<div class=\"form-row\">\n<span class=\"wpcf7-form-control-wrap textarea-653\"><textarea name=\"textarea-653\" cols=\"40\" rows=\"10\" class=\"wpcf7-form-control wpcf7-textarea wpcf7-validates-as-required\" aria-required=\"true\" aria-invalid=\"false\" placeholder=\"Xin m\u01a1\u0300i n\u00eau cu\u0323 th\u00ea\u0309 c\u00e2u ho\u0309i ho\u0103\u0323c ki\u00ea\u0301n nghi\u0323 cu\u0309a quy\u0301 kha\u0301ch.\"><\/textarea><\/span><\/p>\n<\/div>\n<\/div>\n<div class=\"col-lg-12 col-md-12 col-sm-12 col-xs-12\">\n<div class=\"form-row last text-center\">\n<input type=\"submit\" value=\"\u0110\u1ec7 Tr\u00ecnh\" class=\"wpcf7-form-control wpcf7-submit custom-btn-submit\" \/>\n<\/div>\n<\/div>\n<\/div>\n<div class=\"wpcf7-response-output wpcf7-display-none\"><\/div><\/form><\/div><div class=\"clearfix\"><\/div><\/div><!-- rt-cf7 -->\r[\/vc_column_inner][\/vc_row_inner][\/vc_column][vc_column width=&#8221;1\/3&#8243; css=&#8221;.vc_custom_1527928114579{margin-top: 0px !important;padding-top: 48px !important;padding-right: 30px !important;padding-bottom: 70px !important;padding-left: 30px !important;background-color: #f1f1f5 !important;}&#8221;][vc_custom_heading text=&#8221;Nh\u1eefng Th\u00f4ng Tin Kh\u00e1c&#8221; font_container=&#8221;tag:h3|font_size:25px|text_align:left|line_height:70px&#8221; use_theme_fonts=&#8221;yes&#8221;][vc_row_inner css=&#8221;.vc_custom_1527928650336{margin-top: 0px !important;margin-bottom: 0px !important;padding-top: 0px !important;padding-bottom: 0px !important;}&#8221; el_class=&#8221;under-line&#8221;][vc_column_inner][vc_custom_heading text=&#8221;\u0110i\u0323a chi\u0309\uff1a613 Guangfu Rd. Bade City, Taoyuan County 334,Taiwan<br \/>\nEmail\uff1aservice@chfoods.com.tw<br \/>\n\u0110i\u00ea\u0323n thoa\u0323i\uff1a+886 3-371-3688<br \/>\nS\u1ed1 m\u00e1y l\u1ebb\uff1a208<br \/>\n\u0110\u01b0\u01a1\u0300ng d\u00e2y \u0111i\u00ea\u0323n thoa\u0323i phu\u0323c vu\u0323 mi\u00ea\u0303n phi\u0301: 0800-533-568<br \/>\nTh\u01a1\u0300i gian la\u0300m vi\u00ea\u0323c:Th\u01b0\u0301 hai \u0111\u00ea\u0301n th\u01b0\u0301 sa\u0301u bu\u00f4\u0309i sa\u0301ng 8 gi\u01a1\u0300 \u0111\u00ea\u0301n bu\u00f4\u0309i chi\u00ea\u0300u 5 gi\u01a1\u0300 (nghi\u0309 tr\u01b0a t\u01b0\u0300 12 gi\u01a1\u0300 \u0111\u00ea\u0301n 1 gi\u01a1\u0300 chi\u00ea\u0300u), nga\u0300y l\u00ea\u0303 t\u00ea\u0301t nghi\u0309 la\u0300m vi\u00ea\u0323c&#8221; font_container=&#8221;tag:p|font_size:15px|text_align:left|line_height:24px&#8221; use_theme_fonts=&#8221;yes&#8221; css=&#8221;.vc_custom_1603703131284{margin-top: 6px !important;margin-bottom: 0px !important;padding-top: 0px !important;padding-bottom: 0px !important;}&#8221;][vc_single_image image=&#8221;7231&#8243; img_size=&#8221;full&#8221; css=&#8221;.vc_custom_1527927682163{margin-top: 0px !important;margin-bottom: 0px !important;padding-top: 20px !important;padding-bottom: 0px !important;}&#8221;][\/vc_column_inner][\/vc_row_inner][vc_row_inner][vc_column_inner][vc_gmaps link=&#8221;#E-8_JTNDaWZyYW1lJTIwc3JjJTNEJTIyaHR0cHMlM0ElMkYlMkZ3d3cuZ29vZ2xlLmNvbSUyRm1hcHMlMkZlbWJlZCUzRnBiJTNEJTIxMW0xOCUyMTFtMTIlMjExbTMlMjExZDM2MTcuMTg0MDM1OTI2MDczJTIxMmQxMjEuMjgxODQxNjE0Njc5MjElMjEzZDI0Ljk1OTg1MjQ0NzQxNDUwNSUyMTJtMyUyMTFmMCUyMTJmMCUyMTNmMCUyMTNtMiUyMTFpMTAyNCUyMTJpNzY4JTIxNGYxMy4xJTIxM20zJTIxMW0yJTIxMXMweDM0NjgxOGI1ZTg2MTcyZGYlMjUzQTB4NzE4MDhmODliMzhmZmNmZiUyMTJ6TXpNMDVxR0Q1WnlTNWJpQzVZV3I1YjYzNVkyQTVidWo1NmFQNkxldk5qRXo2Sm1mJTIxNWUwJTIxM20yJTIxMXN6aC1UVyUyMTJzdHclMjE0djE1MzE2NzQwNjc1NTklMjIlMjB3aWR0aCUzRCUyMjYwMCUyMiUyMGhlaWdodCUzRCUyMjM1MCUyMiUyMGZyYW1lYm9yZGVyJTNEJTIyMCUyMiUyMHN0eWxlJTNEJTIyYm9yZGVyJTNBMCUyMiUyMGFsbG93ZnVsbHNjcmVlbiUzRSUzQyUyRmlmcmFtZSUzRQ==&#8221;][\/vc_column_inner][\/vc_row_inner][\/vc_column][\/vc_row]<\/p>\n<p><\/p>","protected":false},"excerpt":{"rendered":"<p>[vc_row equal_height=&#8221;yes&#8221; css_animation=&#8221;none&#8221; css=&#8221;.vc_custom_1528097024785{margin-top: 0px !important;margin-right: 0px !important;margin-bottom: 0px !important;margin-left: 0px !important;padding-top: 100px !important;padding-bottom: 100px !important;}&#8221;][vc_column width=&#8221;2\/3&#8243; css=&#8221;.vc_custom_1527928121886{margin-top: 0px !important;margin-bottom: 0px !important;border-top-width: 1px !important;border-bottom-width: 1px !important;border-left-width: 1px !important;padding-top: 48px !important;padding-right: 46px !important;padding-bottom: 70px !important;padding-left: 46px !important;background-color: #ffffff !important;border-left-color: #e6e5e5 !important;border-left-style: solid !important;border-top-color: #e6e5e5 !important;border-top-style: solid !important;border-bottom-color: #e6e5e5 !important;border-bottom-style: solid !important;}&#8221; el_class=&#8221;box-shadow-contact&#8221;][vc_custom_heading text=&#8221;Ca\u0309m \u01a1n qu\u0301y kha\u0301ch [&hellip;]<\/p>\n","protected":false},"author":2,"featured_media":0,"parent":0,"menu_order":0,"comment_status":"closed","ping_status":"closed","template":"","meta":{"footnotes":""},"class_list":["post-7210","page","type-page","status-publish","hentry"],"yoast_head":"<!-- This site is optimized with the Yoast SEO plugin v22.6 - https:\/\/yoast.com\/wordpress\/plugins\/seo\/ -->\n<title>Li\u00ean H\u00ea\u0323 V\u01a1\u0301i Chu\u0301ng T\u00f4i | Chung Hsiang Foods.<\/title>\n<meta name=\"description\" content=\"\u6709\u4efb\u4f55\u5546\u54c1\u554f\u984c\u6216\u662f\u5718\u8cfc\u96f6\u98df\u9700\u6c42\uff0c\u6b61\u8fce\u64a5\u6253\u5ba2\u670d\u4f86\u806f\u7d61\u6211\u5011\u6216\u662f\u5728\u8868\u683c\u4e2d\u7559\u4e0b\u76f8\u95dc\u8cc7\u8a0a\uff0c\u6211\u5011\u5c07\u6703\u5728\u4e09\u500b\u5de5\u4f5c\u5929\u5167\u56de\u8986\u60a8\u3002\" \/>\n<meta name=\"robots\" content=\"index, follow, max-snippet:-1, max-image-preview:large, max-video-preview:-1\" \/>\n<link rel=\"canonical\" href=\"https:\/\/www.chfoods.com.tw\/kr\/contact\/\" \/>\n<meta property=\"og:locale\" content=\"en_US\" \/>\n<meta property=\"og:type\" content=\"article\" \/>\n<meta property=\"og:title\" content=\"Li\u00ean H\u00ea\u0323 V\u01a1\u0301i Chu\u0301ng T\u00f4i | Chung Hsiang Foods.\" \/>\n<meta property=\"og:description\" content=\"\u6709\u4efb\u4f55\u5546\u54c1\u554f\u984c\u6216\u662f\u5718\u8cfc\u96f6\u98df\u9700\u6c42\uff0c\u6b61\u8fce\u64a5\u6253\u5ba2\u670d\u4f86\u806f\u7d61\u6211\u5011\u6216\u662f\u5728\u8868\u683c\u4e2d\u7559\u4e0b\u76f8\u95dc\u8cc7\u8a0a\uff0c\u6211\u5011\u5c07\u6703\u5728\u4e09\u500b\u5de5\u4f5c\u5929\u5167\u56de\u8986\u60a8\u3002\" \/>\n<meta property=\"og:url\" content=\"https:\/\/www.chfoods.com.tw\/kr\/contact\/\" \/>\n<meta property=\"og:site_name\" content=\"Chung Hsiang Foods.\" \/>\n<meta property=\"article:modified_time\" content=\"2023-04-12T02:49:40+00:00\" \/>\n<meta property=\"og:image\" content=\"https:\/\/www.chfoods.com.tw\/wp-content\/uploads\/2019\/01\/LINE-COVER.jpg\" \/>\n\t<meta property=\"og:image:width\" content=\"1080\" \/>\n\t<meta property=\"og:image:height\" content=\"878\" \/>\n\t<meta property=\"og:image:type\" content=\"image\/jpeg\" \/>\n<meta name=\"twitter:card\" content=\"summary_large_image\" \/>\n<meta name=\"twitter:label1\" content=\"Est. reading time\" \/>\n\t<meta name=\"twitter:data1\" content=\"16 minutes\" \/>\n<script type=\"application\/ld+json\" class=\"yoast-schema-graph\">{\"@context\":\"https:\/\/schema.org\",\"@graph\":[{\"@type\":\"WebPage\",\"@id\":\"https:\/\/www.chfoods.com.tw\/kr\/contact\/\",\"url\":\"https:\/\/www.chfoods.com.tw\/kr\/contact\/\",\"name\":\"Li\u00ean H\u00ea\u0323 V\u01a1\u0301i Chu\u0301ng T\u00f4i | Chung Hsiang Foods.\",\"isPartOf\":{\"@id\":\"https:\/\/www.chfoods.com.tw\/cn\/#website\"},\"datePublished\":\"2018-06-02T07:25:43+00:00\",\"dateModified\":\"2023-04-12T02:49:40+00:00\",\"description\":\"\u6709\u4efb\u4f55\u5546\u54c1\u554f\u984c\u6216\u662f\u5718\u8cfc\u96f6\u98df\u9700\u6c42\uff0c\u6b61\u8fce\u64a5\u6253\u5ba2\u670d\u4f86\u806f\u7d61\u6211\u5011\u6216\u662f\u5728\u8868\u683c\u4e2d\u7559\u4e0b\u76f8\u95dc\u8cc7\u8a0a\uff0c\u6211\u5011\u5c07\u6703\u5728\u4e09\u500b\u5de5\u4f5c\u5929\u5167\u56de\u8986\u60a8\u3002\",\"breadcrumb\":{\"@id\":\"https:\/\/www.chfoods.com.tw\/kr\/contact\/#breadcrumb\"},\"inLanguage\":\"vn\",\"potentialAction\":[{\"@type\":\"ReadAction\",\"target\":[\"https:\/\/www.chfoods.com.tw\/kr\/contact\/\"]}]},{\"@type\":\"BreadcrumbList\",\"@id\":\"https:\/\/www.chfoods.com.tw\/kr\/contact\/#breadcrumb\",\"itemListElement\":[{\"@type\":\"ListItem\",\"position\":1,\"name\":\"\u9996\u9801\",\"item\":\"https:\/\/www.chfoods.com.tw\/\"},{\"@type\":\"ListItem\",\"position\":2,\"name\":\"\uace0\uac1d\uc11c\ube44\uc2a4\"}]},{\"@type\":\"WebSite\",\"@id\":\"https:\/\/www.chfoods.com.tw\/cn\/#website\",\"url\":\"https:\/\/www.chfoods.com.tw\/cn\/\",\"name\":\"Chung Hsiang Foods.\",\"description\":\"Chung Hsaing Food. ph\u1ea9m \u0111\u00e3 \u0111\u01b0\u1ee3c bi\u1ebft \u0111\u1ebfn v\u1edbi m\u1ed9t lo\u1ea1t b\u00e1nh quy soda t\u1ef1 nhi\u00ean. Sau h\u01a1n 50 n\u0103m, Zhongxiang Food v\u1eabn c\u00f2n t\u1ed3n t\u1ea1i tr\u00ean th\u1ecb tr\u01b0\u1eddng v\u00e0 c\u00e1c s\u1ea3n ph\u1ea9m c\u1ee7a n\u00f3 \u0111\u01b0\u1ee3c lan truy\u1ec1n kh\u1eafp c\u1ea3 n\u01b0\u1edbc v\u00e0 n\u01b0\u1edbc ngo\u00e0i.\",\"publisher\":{\"@id\":\"https:\/\/www.chfoods.com.tw\/cn\/#organization\"},\"potentialAction\":[{\"@type\":\"SearchAction\",\"target\":{\"@type\":\"EntryPoint\",\"urlTemplate\":\"https:\/\/www.chfoods.com.tw\/cn\/?s={search_term_string}\"},\"query-input\":\"required name=search_term_string\"}],\"inLanguage\":\"vn\"},{\"@type\":\"Organization\",\"@id\":\"https:\/\/www.chfoods.com.tw\/cn\/#organization\",\"name\":\"Chung Hsiang Foods.\",\"url\":\"https:\/\/www.chfoods.com.tw\/cn\/\",\"logo\":{\"@type\":\"ImageObject\",\"inLanguage\":\"vn\",\"@id\":\"https:\/\/www.chfoods.com.tw\/cn\/#\/schema\/logo\/image\/\",\"url\":\"https:\/\/www.chfoods.com.tw\/wp-content\/uploads\/2019\/02\/logo_wf_170.png\",\"contentUrl\":\"https:\/\/www.chfoods.com.tw\/wp-content\/uploads\/2019\/02\/logo_wf_170.png\",\"width\":170,\"height\":55,\"caption\":\"Chung Hsiang Foods.\"},\"image\":{\"@id\":\"https:\/\/www.chfoods.com.tw\/cn\/#\/schema\/logo\/image\/\"}}]}<\/script>\n<!-- \/ Yoast SEO plugin. -->","yoast_head_json":{"title":"Li\u00ean H\u00ea\u0323 V\u01a1\u0301i Chu\u0301ng T\u00f4i | Chung Hsiang Foods.","description":"\u6709\u4efb\u4f55\u5546\u54c1\u554f\u984c\u6216\u662f\u5718\u8cfc\u96f6\u98df\u9700\u6c42\uff0c\u6b61\u8fce\u64a5\u6253\u5ba2\u670d\u4f86\u806f\u7d61\u6211\u5011\u6216\u662f\u5728\u8868\u683c\u4e2d\u7559\u4e0b\u76f8\u95dc\u8cc7\u8a0a\uff0c\u6211\u5011\u5c07\u6703\u5728\u4e09\u500b\u5de5\u4f5c\u5929\u5167\u56de\u8986\u60a8\u3002","robots":{"index":"index","follow":"follow","max-snippet":"max-snippet:-1","max-image-preview":"max-image-preview:large","max-video-preview":"max-video-preview:-1"},"canonical":"https:\/\/www.chfoods.com.tw\/kr\/contact\/","og_locale":"en_US","og_type":"article","og_title":"Li\u00ean H\u00ea\u0323 V\u01a1\u0301i Chu\u0301ng T\u00f4i | Chung Hsiang Foods.","og_description":"\u6709\u4efb\u4f55\u5546\u54c1\u554f\u984c\u6216\u662f\u5718\u8cfc\u96f6\u98df\u9700\u6c42\uff0c\u6b61\u8fce\u64a5\u6253\u5ba2\u670d\u4f86\u806f\u7d61\u6211\u5011\u6216\u662f\u5728\u8868\u683c\u4e2d\u7559\u4e0b\u76f8\u95dc\u8cc7\u8a0a\uff0c\u6211\u5011\u5c07\u6703\u5728\u4e09\u500b\u5de5\u4f5c\u5929\u5167\u56de\u8986\u60a8\u3002","og_url":"https:\/\/www.chfoods.com.tw\/kr\/contact\/","og_site_name":"Chung Hsiang Foods.","article_modified_time":"2023-04-12T02:49:40+00:00","og_image":[{"width":1080,"height":878,"url":"https:\/\/www.chfoods.com.tw\/wp-content\/uploads\/2019\/01\/LINE-COVER.jpg","type":"image\/jpeg"}],"twitter_card":"summary_large_image","twitter_misc":{"Est. reading time":"16 minutes"},"schema":{"@context":"https:\/\/schema.org","@graph":[{"@type":"WebPage","@id":"https:\/\/www.chfoods.com.tw\/kr\/contact\/","url":"https:\/\/www.chfoods.com.tw\/kr\/contact\/","name":"Li\u00ean H\u00ea\u0323 V\u01a1\u0301i Chu\u0301ng T\u00f4i | Chung Hsiang Foods.","isPartOf":{"@id":"https:\/\/www.chfoods.com.tw\/cn\/#website"},"datePublished":"2018-06-02T07:25:43+00:00","dateModified":"2023-04-12T02:49:40+00:00","description":"\u6709\u4efb\u4f55\u5546\u54c1\u554f\u984c\u6216\u662f\u5718\u8cfc\u96f6\u98df\u9700\u6c42\uff0c\u6b61\u8fce\u64a5\u6253\u5ba2\u670d\u4f86\u806f\u7d61\u6211\u5011\u6216\u662f\u5728\u8868\u683c\u4e2d\u7559\u4e0b\u76f8\u95dc\u8cc7\u8a0a\uff0c\u6211\u5011\u5c07\u6703\u5728\u4e09\u500b\u5de5\u4f5c\u5929\u5167\u56de\u8986\u60a8\u3002","breadcrumb":{"@id":"https:\/\/www.chfoods.com.tw\/kr\/contact\/#breadcrumb"},"inLanguage":"vn","potentialAction":[{"@type":"ReadAction","target":["https:\/\/www.chfoods.com.tw\/kr\/contact\/"]}]},{"@type":"BreadcrumbList","@id":"https:\/\/www.chfoods.com.tw\/kr\/contact\/#breadcrumb","itemListElement":[{"@type":"ListItem","position":1,"name":"\u9996\u9801","item":"https:\/\/www.chfoods.com.tw\/"},{"@type":"ListItem","position":2,"name":"\uace0\uac1d\uc11c\ube44\uc2a4"}]},{"@type":"WebSite","@id":"https:\/\/www.chfoods.com.tw\/cn\/#website","url":"https:\/\/www.chfoods.com.tw\/cn\/","name":"Chung Hsiang Foods.","description":"Chung Hsaing Food. ph\u1ea9m \u0111\u00e3 \u0111\u01b0\u1ee3c bi\u1ebft \u0111\u1ebfn v\u1edbi m\u1ed9t lo\u1ea1t b\u00e1nh quy soda t\u1ef1 nhi\u00ean. Sau h\u01a1n 50 n\u0103m, Zhongxiang Food v\u1eabn c\u00f2n t\u1ed3n t\u1ea1i tr\u00ean th\u1ecb tr\u01b0\u1eddng v\u00e0 c\u00e1c s\u1ea3n ph\u1ea9m c\u1ee7a n\u00f3 \u0111\u01b0\u1ee3c lan truy\u1ec1n kh\u1eafp c\u1ea3 n\u01b0\u1edbc v\u00e0 n\u01b0\u1edbc ngo\u00e0i.","publisher":{"@id":"https:\/\/www.chfoods.com.tw\/cn\/#organization"},"potentialAction":[{"@type":"SearchAction","target":{"@type":"EntryPoint","urlTemplate":"https:\/\/www.chfoods.com.tw\/cn\/?s={search_term_string}"},"query-input":"required name=search_term_string"}],"inLanguage":"vn"},{"@type":"Organization","@id":"https:\/\/www.chfoods.com.tw\/cn\/#organization","name":"Chung Hsiang Foods.","url":"https:\/\/www.chfoods.com.tw\/cn\/","logo":{"@type":"ImageObject","inLanguage":"vn","@id":"https:\/\/www.chfoods.com.tw\/cn\/#\/schema\/logo\/image\/","url":"https:\/\/www.chfoods.com.tw\/wp-content\/uploads\/2019\/02\/logo_wf_170.png","contentUrl":"https:\/\/www.chfoods.com.tw\/wp-content\/uploads\/2019\/02\/logo_wf_170.png","width":170,"height":55,"caption":"Chung Hsiang Foods."},"image":{"@id":"https:\/\/www.chfoods.com.tw\/cn\/#\/schema\/logo\/image\/"}}]}},"_links":{"self":[{"href":"https:\/\/www.chfoods.com.tw\/vn\/wp-json\/wp\/v2\/pages\/7210","targetHints":{"allow":["GET"]}}],"collection":[{"href":"https:\/\/www.chfoods.com.tw\/vn\/wp-json\/wp\/v2\/pages"}],"about":[{"href":"https:\/\/www.chfoods.com.tw\/vn\/wp-json\/wp\/v2\/types\/page"}],"author":[{"embeddable":true,"href":"https:\/\/www.chfoods.com.tw\/vn\/wp-json\/wp\/v2\/users\/2"}],"replies":[{"embeddable":true,"href":"https:\/\/www.chfoods.com.tw\/vn\/wp-json\/wp\/v2\/comments?post=7210"}],"version-history":[{"count":16,"href":"https:\/\/www.chfoods.com.tw\/vn\/wp-json\/wp\/v2\/pages\/7210\/revisions"}],"predecessor-version":[{"id":12959,"href":"https:\/\/www.chfoods.com.tw\/vn\/wp-json\/wp\/v2\/pages\/7210\/revisions\/12959"}],"wp:attachment":[{"href":"https:\/\/www.chfoods.com.tw\/vn\/wp-json\/wp\/v2\/media?parent=7210"}],"curies":[{"name":"wp","href":"https:\/\/api.w.org\/{rel}","templated":true}]}}